{"id":8459,"date":"2021-10-12T15:51:09","date_gmt":"2021-10-12T15:51:09","guid":{"rendered":"http:\/\/dummy.xtemos.com\/woodmart2\/elementor\/?page_id=4400"},"modified":"2026-02-16T08:24:47","modified_gmt":"2026-02-16T06:24:47","slug":"naamost","status":"publish","type":"page","link":"https:\/\/naamo.ee\/de\/naamost\/","title":{"rendered":"Naamost"},"content":{"rendered":"<div data-elementor-type=\"wp-page\" data-elementor-id=\"8459\" class=\"elementor elementor-8459\">\n\t\t\t\t<div class=\"wd-negative-gap elementor-element elementor-element-1c90c3f wd-section-stretch e-flex e-con-boxed e-con e-parent\" data-id=\"1c90c3f\" data-element_type=\"container\" data-e-type=\"container\" data-settings=\"{&quot;background_background&quot;:&quot;classic&quot;}\">\n\t\t\t\t\t<div class=\"e-con-inner\">\n\t\t\t\t<div class=\"elementor-element elementor-element-5d57672 elementor-widget__width-initial elementor-widget-tablet__width-inherit wd-width-100 elementor-widget elementor-widget-wd_title\" data-id=\"5d57672\" data-element_type=\"widget\" data-e-type=\"widget\" data-widget_type=\"wd_title.default\">\n\t\t\t\t<div class=\"elementor-widget-container\">\n\t\t\t\t\t\t\t<div class=\"title-wrapper wd-set-mb reset-last-child wd-title-color-primary wd-title-style-default wd-title-size-large text-left\">\n\n\t\t\t\t\t\t\t\t\t\t\t<div class=\"title-subtitle subtitle-color-primary subtitle-style-default wd-fontsize-xs\">\n\t\t\t\t\tEIN PAAR WORTE \u00dcBER UNS\t\t\t\t<\/div>\n\t\t\t\n\t\t\t<div class=\"liner-continer\">\n\t\t\t\t<h4 class=\"woodmart-title-container title wd-fontsize-xxl\">Unsere Produkte sind robust, langlebig und umweltfreundlich.<\/h4> \n\t\t\t\t\t\t\t<\/div>\n\n\t\t\t\t\t<\/div>\n\t\t\t\t\t\t<\/div>\n\t\t\t\t<\/div>\n\t\t\t\t<div class=\"elementor-element elementor-element-9c05225 elementor-widget__width-initial elementor-widget elementor-widget-wd_infobox\" data-id=\"9c05225\" data-element_type=\"widget\" data-e-type=\"widget\" data-widget_type=\"wd_infobox.default\">\n\t\t\t\t<div class=\"elementor-widget-container\">\n\t\t\t\t\t\t\t<div class=\"info-box-wrapper\">\n\t\t\t<div class=\"wd-info-box text-left box-icon-align-top box-style-base color-scheme-\">\n\t\t\t\t\n\t\t\t\t<div class=\"info-box-content\">\n\t\t\t\t\t\n\t\t\t\t\t\t\t\t\t\t\t<h4\t\t\t\t\t\tclass=\"info-box-title title box-title-style-default wd-fontsize-m\" data-elementor-setting-key=\"title\">\n\t\t\t\t\t\t\t\tWir heilen, was wir tun\t\t\t\t\t\t<\/h4>\n\t\t\t\t\t\n\t\t\t\t\t<div class=\"info-box-inner reset-last-child\"data-elementor-setting-key=\"content\"><p>Unsere gesamte Produktpalette wurde so entworfen und hergestellt, wie wir sie uns w\u00fcnschen.<\/p>\n<\/div>\n\n\t\t\t\t\t\t\t\t\t<\/div>\n\n\t\t\t\t\t\t\t\t\t<a href=\"#\" class=\"wd-info-box-link wd-fill\" aria-label=\"Infobox-Link\"><\/a>\n\t\t\t\t\t\t\t<\/div>\n\t\t<\/div>\n\t\t\t\t\t\t<\/div>\n\t\t\t\t<\/div>\n\t\t\t\t<div class=\"elementor-element elementor-element-ec30bde elementor-widget__width-initial elementor-widget elementor-widget-wd_infobox\" data-id=\"ec30bde\" data-element_type=\"widget\" data-e-type=\"widget\" data-widget_type=\"wd_infobox.default\">\n\t\t\t\t<div class=\"elementor-widget-container\">\n\t\t\t\t\t\t\t<div class=\"info-box-wrapper\">\n\t\t\t<div class=\"wd-info-box text-left box-icon-align-top box-style-base color-scheme-\">\n\t\t\t\t\n\t\t\t\t<div class=\"info-box-content\">\n\t\t\t\t\t\n\t\t\t\t\t\t\t\t\t\t\t<h4\t\t\t\t\t\tclass=\"info-box-title title box-title-style-default wd-fontsize-m\" data-elementor-setting-key=\"title\">\n\t\t\t\t\t\t\t\tUnser Arbeitsprozess\t\t\t\t\t\t<\/h4>\n\t\t\t\t\t\n\t\t\t\t\t<div class=\"info-box-inner reset-last-child\"data-elementor-setting-key=\"content\"><p>Alle unsere Produkte sind kundenorientiert, sowohl was Metall als auch Holz betrifft, und die Farbauswahl ist grunds\u00e4tzlich unbegrenzt.<\/p>\n<\/div>\n\n\t\t\t\t\t\t\t\t\t<\/div>\n\n\t\t\t\t\t\t\t\t\t<a href=\"#\" class=\"wd-info-box-link wd-fill\" aria-label=\"Infobox-Link\"><\/a>\n\t\t\t\t\t\t\t<\/div>\n\t\t<\/div>\n\t\t\t\t\t\t<\/div>\n\t\t\t\t<\/div>\n\t\t\t\t\t<\/div>\n\t\t\t\t<\/div>\n\t\t<div class=\"wd-negative-gap elementor-element elementor-element-7c7c544 e-flex e-con-boxed e-con e-parent\" data-id=\"7c7c544\" data-element_type=\"container\" data-e-type=\"container\">\n\t\t\t\t\t<div class=\"e-con-inner\">\n\t\t<div class=\"elementor-element elementor-element-e7cb5cd e-con-full e-flex e-con e-child\" data-id=\"e7cb5cd\" data-element_type=\"container\" data-e-type=\"container\">\n\t\t\t\t<div class=\"elementor-element elementor-element-56aec39 elementor-widget elementor-widget-wd_image_or_svg\" data-id=\"56aec39\" data-element_type=\"widget\" data-e-type=\"widget\" data-widget_type=\"wd_image_or_svg.default\">\n\t\t\t\t<div class=\"elementor-widget-container\">\n\t\t\t\t\t\n\t\t<div class=\"wd-image text-left\">\n\t\t\t\t\t\t\t\t<img loading=\"lazy\" decoding=\"async\" width=\"1920\" height=\"1280\" src=\"https:\/\/naamo.ee\/wp-content\/uploads\/2025\/10\/DSC05864-2.jpg\" class=\"attachment-full size-full\" alt=\"\" srcset=\"https:\/\/naamo.ee\/wp-content\/uploads\/2025\/10\/DSC05864-2.jpg 1920w, https:\/\/naamo.ee\/wp-content\/uploads\/2025\/10\/DSC05864-2-600x400.jpg 600w, https:\/\/naamo.ee\/wp-content\/uploads\/2025\/10\/DSC05864-2-300x200.jpg 300w, https:\/\/naamo.ee\/wp-content\/uploads\/2025\/10\/DSC05864-2-1024x683.jpg 1024w, https:\/\/naamo.ee\/wp-content\/uploads\/2025\/10\/DSC05864-2-768x512.jpg 768w, https:\/\/naamo.ee\/wp-content\/uploads\/2025\/10\/DSC05864-2-1536x1024.jpg 1536w\" sizes=\"auto, (max-width: 1920px) 100vw, 1920px\" \/>\t\t\t\t\t<\/div>\n\n\t\t\t\t\t\t<\/div>\n\t\t\t\t<\/div>\n\t\t\t\t<div class=\"elementor-element elementor-element-3631e9d elementor-widget elementor-widget-wd_image_or_svg\" data-id=\"3631e9d\" data-element_type=\"widget\" data-e-type=\"widget\" data-widget_type=\"wd_image_or_svg.default\">\n\t\t\t\t<div class=\"elementor-widget-container\">\n\t\t\t\t\t\n\t\t<div class=\"wd-image text-left\">\n\t\t\t\t\t\t\t\t<img loading=\"lazy\" decoding=\"async\" width=\"1920\" height=\"1280\" src=\"https:\/\/naamo.ee\/wp-content\/uploads\/2025\/10\/DSC05857-3.jpg\" class=\"attachment-full size-full\" alt=\"Aialaud Naamo SnackTable Wide\" srcset=\"https:\/\/naamo.ee\/wp-content\/uploads\/2025\/10\/DSC05857-3.jpg 1920w, https:\/\/naamo.ee\/wp-content\/uploads\/2025\/10\/DSC05857-3-600x400.jpg 600w, https:\/\/naamo.ee\/wp-content\/uploads\/2025\/10\/DSC05857-3-300x200.jpg 300w, https:\/\/naamo.ee\/wp-content\/uploads\/2025\/10\/DSC05857-3-1024x683.jpg 1024w, https:\/\/naamo.ee\/wp-content\/uploads\/2025\/10\/DSC05857-3-768x512.jpg 768w, https:\/\/naamo.ee\/wp-content\/uploads\/2025\/10\/DSC05857-3-1536x1024.jpg 1536w\" sizes=\"auto, (max-width: 1920px) 100vw, 1920px\" \/>\t\t\t\t\t<\/div>\n\n\t\t\t\t\t\t<\/div>\n\t\t\t\t<\/div>\n\t\t\t\t<\/div>\n\t\t<div class=\"elementor-element elementor-element-97d6084 e-con-full e-flex e-con e-child\" data-id=\"97d6084\" data-element_type=\"container\" data-e-type=\"container\">\n\t\t\t\t<div class=\"elementor-element elementor-element-98d830b wd-width-100 elementor-widget elementor-widget-wd_title\" data-id=\"98d830b\" data-element_type=\"widget\" data-e-type=\"widget\" data-widget_type=\"wd_title.default\">\n\t\t\t\t<div class=\"elementor-widget-container\">\n\t\t\t\t\t\t\t<div class=\"title-wrapper wd-set-mb reset-last-child wd-title-color-primary wd-title-style-default wd-title-size-large text-left\">\n\n\t\t\t\n\t\t\t<div class=\"liner-continer\">\n\t\t\t\t<h4 class=\"woodmart-title-container title wd-fontsize-xxl\">Ein wenig \u00fcber uns<\/h4> \n\t\t\t\t\t\t\t<\/div>\n\n\t\t\t\t\t<\/div>\n\t\t\t\t\t\t<\/div>\n\t\t\t\t<\/div>\n\t\t\t\t<div class=\"elementor-element elementor-element-66e47ad elementor-widget elementor-widget-wd_text_block\" data-id=\"66e47ad\" data-element_type=\"widget\" data-e-type=\"widget\" data-widget_type=\"wd_text_block.default\">\n\t\t\t\t<div class=\"elementor-widget-container\">\n\t\t\t\t\t\t\t<div class=\"wd-text-block reset-last-child text-left\">\n\t\t\t\n\t\t\t<p data-start=\"208\" data-end=\"473\">Die Terrassen- und Stra\u00dfenm\u00f6bel von Naamo sind auf Langlebigkeit ausgelegt. Unsere Produkte sind so konzipiert, dass sie sowohl der nordischen K\u00e4lte als auch der hei\u00dfen Sommersonne, dem Regen und dem Schnee standhalten. Wir stellen M\u00f6bel her, die nicht verschlei\u00dfen und ihre Form behalten \u2013 auch nach 15 Jahren sehen sie noch genauso gut aus wie heute.<\/p><p data-start=\"475\" data-end=\"754\">Naamo-M\u00f6bel entsprechen der h\u00f6chsten Umweltklasse C5 \u2013 das bedeutet, dass Sie sich keine Sorgen mehr \u00fcber Rost, Verblassen oder Risse machen m\u00fcssen. Die Umwelt ist uns wichtig: Jedes Produkt wird mit einem geringen \u00f6kologischen Fu\u00dfabdruck hergestellt und ist langlebig, sodass Sie es nicht oft austauschen m\u00fcssen.<\/p><p data-start=\"756\" data-end=\"1045\">M\u00f6chten Sie etwas Einzigartiges?<br data-start=\"782\" data-end=\"785\" \/>W\u00e4hlen Sie die Farbe, die zu Ihnen passt - wir haben derzeit folgende Farben im Angebot <strong>5 RAL-Farben <\/strong>(erh\u00e4ltlich f\u00fcr den gesamten Katalog), aus denen Sie die f\u00fcr Sie am besten geeignete Farbkombination ausw\u00e4hlen k\u00f6nnen. Kombinieren Sie die Seiten und Oberseiten der M\u00f6bel nach Ihrem Geschmack und schaffen Sie die perfekte L\u00f6sung f\u00fcr Ihre Terrasse oder Ihren \u00f6ffentlichen Raum.<\/p><p data-start=\"1047\" data-end=\"1182\">Verf\u00fcgbar sowohl f\u00fcr Privatkunden als auch f\u00fcr \u00f6ffentliche R\u00e4ume \u2013 bestellen Sie einzelne Produkte oder gr\u00f6\u00dfere Mengen. Bei Bedarf helfen wir Ihnen auch bei der Installation.<\/p><p data-start=\"1184\" data-end=\"1275\"><strong data-start=\"1184\" data-end=\"1275\">Naamo \u2013 Komfort, der Bestand hat. Kontaktieren Sie uns und lassen Sie uns gemeinsam etwas wirklich Best\u00e4ndiges schaffen!<\/strong><\/p>\n\t\t\t\t\t<\/div>\n\t\t\t\t\t\t<\/div>\n\t\t\t\t<\/div>\n\t\t\t\t<\/div>\n\t\t\t\t\t<\/div>\n\t\t\t\t<\/div>\n\t\t\t\t<\/div>","protected":false},"excerpt":{"rendered":"<p>M\u00d5NE S\u00d5NAGA NATUKENE MEIST Meie tooted on tugevad, vastupidavad ja keskkonnas\u00f5bralikud. Me arstame seda, mida me teeme Kogu meie tootevalik<\/p>","protected":false},"author":1,"featured_media":0,"parent":0,"menu_order":0,"comment_status":"closed","ping_status":"closed","template":"","meta":{"footnotes":""},"class_list":["post-8459","page","type-page","status-publish","hentry"],"_links":{"self":[{"href":"https:\/\/naamo.ee\/de\/wp-json\/wp\/v2\/pages\/8459","targetHints":{"allow":["GET"]}}],"collection":[{"href":"https:\/\/naamo.ee\/de\/wp-json\/wp\/v2\/pages"}],"about":[{"href":"https:\/\/naamo.ee\/de\/wp-json\/wp\/v2\/types\/page"}],"author":[{"embeddable":true,"href":"https:\/\/naamo.ee\/de\/wp-json\/wp\/v2\/users\/1"}],"replies":[{"embeddable":true,"href":"https:\/\/naamo.ee\/de\/wp-json\/wp\/v2\/comments?post=8459"}],"version-history":[{"count":5,"href":"https:\/\/naamo.ee\/de\/wp-json\/wp\/v2\/pages\/8459\/revisions"}],"predecessor-version":[{"id":29713,"href":"https:\/\/naamo.ee\/de\/wp-json\/wp\/v2\/pages\/8459\/revisions\/29713"}],"wp:attachment":[{"href":"https:\/\/naamo.ee\/de\/wp-json\/wp\/v2\/media?parent=8459"}],"curies":[{"name":"wp","href":"https:\/\/api.w.org\/{rel}","templated":true}]}}