{"id":29126,"date":"2025-11-17T18:04:57","date_gmt":"2025-11-17T18:04:57","guid":{"rendered":"https:\/\/naamo.ee\/?post_type=product&#038;p=29126"},"modified":"2026-02-06T12:22:29","modified_gmt":"2026-02-06T10:22:29","slug":"lamamistool-naamo-nap-duo","status":"publish","type":"product","link":"https:\/\/naamo.ee\/de\/produkt\/lamamistool-naamo-nap-duo\/","title":{"rendered":"Liegestuhl Naamo Nap Duo"},"content":{"rendered":"","protected":false},"excerpt":{"rendered":"<h2>Zusammen macht es immer mehr Spa\u00df, sich zu erholen.<\/h2>\n<p data-start=\"820\" data-end=\"1218\">Nap Duo ist wie Nap Solo, aber gr\u00f6\u00dfer und geselliger \u2013 gemacht, um zu zweit zu chillen, zu lachen und die Sonne zu genie\u00dfen.<br data-start=\"945\" data-end=\"948\" \/>Die Metallteile k\u00f6nnen aus der gesamten RAL-Farbpalette ausgew\u00e4hlt werden, sodass keine Terrasse und kein Garten ohne den perfekten Begleiter f\u00fcr Ihre Liege auskommen muss. Die Holzteile bestehen aus recyceltem Kunststoff, der weder Regen noch Sonne scheut und auch nicht, wenn sich jemand mit einer Eisschale darauf setzt.<\/p>\n<p data-start=\"1220\" data-end=\"1369\">Nap Duo beweist, dass Ausruhen gut ist, aber zu zweit ist es etwa doppelt so gut. Es sei denn, jemand schnarcht \u2013 aber daf\u00fcr k\u00f6nnen wir nicht verantwortlich gemacht werden.<\/p>\n<p data-start=\"536\" data-end=\"636\">15 Jahre Garantie.<\/p>","protected":false},"featured_media":3801,"template":"","meta":[],"product_brand":[31],"product_cat":[30],"product_tag":[],"class_list":{"0":"post-29126","1":"product","2":"type-product","3":"status-publish","4":"has-post-thumbnail","6":"product_brand-naamo","7":"product_cat-lamamistoolid","8":"pa_materjal-metallist-kandev-osa","9":"pa_materjal-taaskasutatud-plast-laudis","10":"pa_puidutoon-beige-harjatud","11":"pa_puidutoon-golden-oak-puidustruktuur","12":"pa_puidutoon-olive-harjatud","13":"pa_puidutoon-timber-effect-puidustruktuur","14":"pa_puidutoon-winter-white-puidustruktuur","16":"first","17":"instock","18":"sale","19":"taxable","20":"shipping-taxable","21":"purchasable","22":"product-type-variable"},"_links":{"self":[{"href":"https:\/\/naamo.ee\/de\/wp-json\/wp\/v2\/product\/29126","targetHints":{"allow":["GET"]}}],"collection":[{"href":"https:\/\/naamo.ee\/de\/wp-json\/wp\/v2\/product"}],"about":[{"href":"https:\/\/naamo.ee\/de\/wp-json\/wp\/v2\/types\/product"}],"version-history":[{"count":3,"href":"https:\/\/naamo.ee\/de\/wp-json\/wp\/v2\/product\/29126\/revisions"}],"predecessor-version":[{"id":29134,"href":"https:\/\/naamo.ee\/de\/wp-json\/wp\/v2\/product\/29126\/revisions\/29134"}],"wp:featuredmedia":[{"embeddable":true,"href":"https:\/\/naamo.ee\/de\/wp-json\/wp\/v2\/media\/3801"}],"wp:attachment":[{"href":"https:\/\/naamo.ee\/de\/wp-json\/wp\/v2\/media?parent=29126"}],"wp:term":[{"taxonomy":"product_brand","embeddable":true,"href":"https:\/\/naamo.ee\/de\/wp-json\/wp\/v2\/product_brand?post=29126"},{"taxonomy":"product_cat","embeddable":true,"href":"https:\/\/naamo.ee\/de\/wp-json\/wp\/v2\/product_cat?post=29126"},{"taxonomy":"product_tag","embeddable":true,"href":"https:\/\/naamo.ee\/de\/wp-json\/wp\/v2\/product_tag?post=29126"}],"curies":[{"name":"wp","href":"https:\/\/api.w.org\/{rel}","templated":true}]}}