{"id":29135,"date":"2025-11-17T18:18:09","date_gmt":"2025-11-17T18:18:09","guid":{"rendered":"https:\/\/naamo.ee\/?post_type=product&#038;p=29135"},"modified":"2026-02-06T12:21:39","modified_gmt":"2026-02-06T10:21:39","slug":"aiapink-naamo-chillbench-duo","status":"publish","type":"product","link":"https:\/\/naamo.ee\/de\/produkt\/aiapink-naamo-chillbench-duo\/","title":{"rendered":"Gartenbank Naamo ChillBench Duo"},"content":{"rendered":"","protected":false},"excerpt":{"rendered":"<h2>Setz dich hin. Atme tief durch. Und lass die Bank die ganze Arbeit machen.<\/h2>\n<p data-start=\"213\" data-end=\"621\">Naamo ChillBench Duo ist eine Bank, die wie der Traum eines Designers aussieht und sich wie eine Wolke anf\u00fchlt, die Ingenieurwissenschaften studiert hat. Die massiven Metallbeine verleihen der Bank ebenso viel Selbstvertrauen wie manchen Menschen nach der zweiten Tasse Kaffee. Die Sitzfl\u00e4che selbst besteht aus recyceltem Kunststoff, der \u00fcberraschend bequem und strapazierf\u00e4hig ist und niemals zu quengeln beginnt \u2013 selbst wenn das Wetter so ist, dass alle anderen schon quengeln.<\/p>\n<p data-start=\"623\" data-end=\"775\">Das ist eine Bank f\u00fcr diejenigen, die sich kurz hinsetzen m\u00f6chten... und dann noch ein bisschen l\u00e4nger. Und noch ein bisschen l\u00e4nger. Und schlie\u00dflich feststellen, dass sie schon einen halben Tag dort sitzen.<\/p>\n<p data-start=\"777\" data-end=\"846\"><em data-start=\"777\" data-end=\"846\">Naamo ChillBench Duo \u2013 ein Tisch, der nicht viel verlangt, aber viel bietet.<\/em><\/p>","protected":false},"featured_media":3811,"template":"","meta":[],"product_brand":[31],"product_cat":[29],"product_tag":[],"class_list":{"0":"post-29135","1":"product","2":"type-product","3":"status-publish","4":"has-post-thumbnail","6":"product_brand-naamo","7":"product_cat-pingid","8":"pa_materjal-metallist-kandev-osa","9":"pa_materjal-taaskasutatud-plast-laudis","10":"pa_puidutoon-beige-harjatud","11":"pa_puidutoon-golden-oak-puidustruktuur","12":"pa_puidutoon-olive-harjatud","13":"pa_puidutoon-timber-effect-puidustruktuur","14":"pa_puidutoon-winter-white-puidustruktuur","16":"first","17":"instock","18":"sale","19":"taxable","20":"shipping-taxable","21":"purchasable","22":"product-type-variable"},"_links":{"self":[{"href":"https:\/\/naamo.ee\/de\/wp-json\/wp\/v2\/product\/29135","targetHints":{"allow":["GET"]}}],"collection":[{"href":"https:\/\/naamo.ee\/de\/wp-json\/wp\/v2\/product"}],"about":[{"href":"https:\/\/naamo.ee\/de\/wp-json\/wp\/v2\/types\/product"}],"version-history":[{"count":2,"href":"https:\/\/naamo.ee\/de\/wp-json\/wp\/v2\/product\/29135\/revisions"}],"predecessor-version":[{"id":29439,"href":"https:\/\/naamo.ee\/de\/wp-json\/wp\/v2\/product\/29135\/revisions\/29439"}],"wp:featuredmedia":[{"embeddable":true,"href":"https:\/\/naamo.ee\/de\/wp-json\/wp\/v2\/media\/3811"}],"wp:attachment":[{"href":"https:\/\/naamo.ee\/de\/wp-json\/wp\/v2\/media?parent=29135"}],"wp:term":[{"taxonomy":"product_brand","embeddable":true,"href":"https:\/\/naamo.ee\/de\/wp-json\/wp\/v2\/product_brand?post=29135"},{"taxonomy":"product_cat","embeddable":true,"href":"https:\/\/naamo.ee\/de\/wp-json\/wp\/v2\/product_cat?post=29135"},{"taxonomy":"product_tag","embeddable":true,"href":"https:\/\/naamo.ee\/de\/wp-json\/wp\/v2\/product_tag?post=29135"}],"curies":[{"name":"wp","href":"https:\/\/api.w.org\/{rel}","templated":true}]}}