{"id":29168,"date":"2025-11-17T18:38:22","date_gmt":"2025-11-17T18:38:22","guid":{"rendered":"https:\/\/naamo.ee\/?post_type=product&#038;p=29168"},"modified":"2026-02-06T12:19:42","modified_gmt":"2026-02-06T10:19:42","slug":"aialaud-naamo-snacktable-wide","status":"publish","type":"product","link":"https:\/\/naamo.ee\/de\/produkt\/aialaud-naamo-snacktable-wide\/","title":{"rendered":"Gartenbank Naamo SnackTable Wide"},"content":{"rendered":"","protected":false},"excerpt":{"rendered":"<h2>Mehr Fl\u00e4che, weniger Ausreden, nicht zu naschen.<\/h2>\n<p data-start=\"1041\" data-end=\"1462\">Naamo SnackTable Wide ist der gr\u00f6\u00dfere und selbstbewusstere Bruder von SnackTable Slimi. Er ist ger\u00e4umiger, l\u00e4nger und bereit, alles zu tragen \u2013 von Kerzen und Cocktails bis hin zu vollen Pizzatellern und dem Hund Ihres Freundes (wenn er ruhig ist).<br data-start=\"1263\" data-end=\"1266\" \/>Die Metallkonstruktion steht f\u00fcr die W\u00fcrde von Beton, w\u00e4hrend die stilvolle Oberfl\u00e4che aus recyceltem Kunststoff einen Hauch von modernem Minimalismus verleiht, der sowohl auf die Terrasse als auch in den Garten oder den \u00f6ffentlichen Raum passt.<\/p>\n<p data-start=\"1464\" data-end=\"1548\"><em data-start=\"1464\" data-end=\"1548\">SnackTable Wide \u2013 denn manchmal braucht man einen Tisch, auf den sowohl Snacks als auch dein Leben passen.<\/em><\/p>\n<p data-start=\"1464\" data-end=\"1548\">Das Produkt auf dem Bild hat die Farbe WINTER WHITE und die Seiten sind in RAL 9005 gehalten.<\/p>","protected":false},"featured_media":3810,"template":"","meta":[],"product_brand":[31],"product_cat":[27],"product_tag":[],"class_list":{"0":"post-29168","1":"product","2":"type-product","3":"status-publish","4":"has-post-thumbnail","6":"product_brand-naamo","7":"product_cat-lauad","8":"pa_materjal-metallist-kandev-osa","9":"pa_materjal-taaskasutatud-plast-laudis","10":"pa_puidutoon-beige-harjatud","11":"pa_puidutoon-golden-oak-puidustruktuur","12":"pa_puidutoon-olive-harjatud","13":"pa_puidutoon-timber-effect-puidustruktuur","14":"pa_puidutoon-winter-white-puidustruktuur","16":"first","17":"instock","18":"sale","19":"taxable","20":"shipping-taxable","21":"purchasable","22":"product-type-variable"},"_links":{"self":[{"href":"https:\/\/naamo.ee\/de\/wp-json\/wp\/v2\/product\/29168","targetHints":{"allow":["GET"]}}],"collection":[{"href":"https:\/\/naamo.ee\/de\/wp-json\/wp\/v2\/product"}],"about":[{"href":"https:\/\/naamo.ee\/de\/wp-json\/wp\/v2\/types\/product"}],"version-history":[{"count":2,"href":"https:\/\/naamo.ee\/de\/wp-json\/wp\/v2\/product\/29168\/revisions"}],"predecessor-version":[{"id":29175,"href":"https:\/\/naamo.ee\/de\/wp-json\/wp\/v2\/product\/29168\/revisions\/29175"}],"wp:featuredmedia":[{"embeddable":true,"href":"https:\/\/naamo.ee\/de\/wp-json\/wp\/v2\/media\/3810"}],"wp:attachment":[{"href":"https:\/\/naamo.ee\/de\/wp-json\/wp\/v2\/media?parent=29168"}],"wp:term":[{"taxonomy":"product_brand","embeddable":true,"href":"https:\/\/naamo.ee\/de\/wp-json\/wp\/v2\/product_brand?post=29168"},{"taxonomy":"product_cat","embeddable":true,"href":"https:\/\/naamo.ee\/de\/wp-json\/wp\/v2\/product_cat?post=29168"},{"taxonomy":"product_tag","embeddable":true,"href":"https:\/\/naamo.ee\/de\/wp-json\/wp\/v2\/product_tag?post=29168"}],"curies":[{"name":"wp","href":"https:\/\/api.w.org\/{rel}","templated":true}]}}