{"id":3641,"date":"2025-10-19T18:24:27","date_gmt":"2025-10-19T18:24:27","guid":{"rendered":"https:\/\/naamo.niine.ee\/?post_type=product&#038;p=3641"},"modified":"2026-02-06T12:22:40","modified_gmt":"2026-02-06T10:22:40","slug":"lamamistool-naamo-nap-solo","status":"publish","type":"product","link":"https:\/\/naamo.ee\/de\/produkt\/lamamistool-naamo-nap-solo\/","title":{"rendered":"Liegestuhl Naamo Nap Solo"},"content":{"rendered":"","protected":false},"excerpt":{"rendered":"<h2 style=\"text-align: center;\">Mach eine Pause. Die Welt kann warten.<\/h2>\n<p>Der Liegestuhl Naamo Nap Solo ist ein bequemer und strapazierf\u00e4higer Einzelsessel, der f\u00fcr den Au\u00dfenbereich, die Terrasse oder den Garten entwickelt wurde. Der Metallrahmen kann in allen RAL-Farben bestellt werden, damit er genau zum Stil Ihres Zuhauses oder Unternehmens passt. Der Holzteil besteht aus recyceltem Kunststoff, der strapazierf\u00e4hig und pflegeleicht ist und in verschiedenen Farbt\u00f6nen erh\u00e4ltlich ist.<br data-start=\"548\" data-end=\"551\" \/>Naamo Nap Solo ist die ideale Wahl f\u00fcr alle, die Komfort, Langlebigkeit und individuelles Design sch\u00e4tzen \u2013 nehmen Sie sich einen Moment Zeit f\u00fcr sich selbst, denn die Welt kann warten.<\/p>\n<p>15 Jahre Garantie.<\/p>","protected":false},"featured_media":3823,"template":"","meta":[],"product_brand":[31],"product_cat":[30],"product_tag":[],"class_list":{"0":"post-3641","1":"product","2":"type-product","3":"status-publish","4":"has-post-thumbnail","6":"product_brand-naamo","7":"product_cat-lamamistoolid","8":"pa_materjal-metallist-kandev-osa","9":"pa_materjal-taaskasutatud-plast-laudis","10":"pa_puidutoon-beige-harjatud","11":"pa_puidutoon-golden-oak-puidustruktuur","12":"pa_puidutoon-olive-harjatud","13":"pa_puidutoon-timber-effect-puidustruktuur","14":"pa_puidutoon-winter-white-puidustruktuur","16":"first","17":"instock","18":"sale","19":"taxable","20":"shipping-taxable","21":"purchasable","22":"product-type-variable"},"_links":{"self":[{"href":"https:\/\/naamo.ee\/de\/wp-json\/wp\/v2\/product\/3641","targetHints":{"allow":["GET"]}}],"collection":[{"href":"https:\/\/naamo.ee\/de\/wp-json\/wp\/v2\/product"}],"about":[{"href":"https:\/\/naamo.ee\/de\/wp-json\/wp\/v2\/types\/product"}],"version-history":[{"count":5,"href":"https:\/\/naamo.ee\/de\/wp-json\/wp\/v2\/product\/3641\/revisions"}],"predecessor-version":[{"id":3744,"href":"https:\/\/naamo.ee\/de\/wp-json\/wp\/v2\/product\/3641\/revisions\/3744"}],"wp:featuredmedia":[{"embeddable":true,"href":"https:\/\/naamo.ee\/de\/wp-json\/wp\/v2\/media\/3823"}],"wp:attachment":[{"href":"https:\/\/naamo.ee\/de\/wp-json\/wp\/v2\/media?parent=3641"}],"wp:term":[{"taxonomy":"product_brand","embeddable":true,"href":"https:\/\/naamo.ee\/de\/wp-json\/wp\/v2\/product_brand?post=3641"},{"taxonomy":"product_cat","embeddable":true,"href":"https:\/\/naamo.ee\/de\/wp-json\/wp\/v2\/product_cat?post=3641"},{"taxonomy":"product_tag","embeddable":true,"href":"https:\/\/naamo.ee\/de\/wp-json\/wp\/v2\/product_tag?post=3641"}],"curies":[{"name":"wp","href":"https:\/\/api.w.org\/{rel}","templated":true}]}}