{"id":29126,"date":"2025-11-17T18:04:57","date_gmt":"2025-11-17T18:04:57","guid":{"rendered":"https:\/\/naamo.ee\/?post_type=product&#038;p=29126"},"modified":"2026-02-06T12:22:29","modified_gmt":"2026-02-06T10:22:29","slug":"lamamistool-naamo-nap-duo","status":"publish","type":"product","link":"https:\/\/naamo.ee\/es\/producto\/lamamistool-naamo-nap-duo\/","title":{"rendered":"Sill\u00f3n reclinable Naamo Nap Duo"},"content":{"rendered":"","protected":false},"excerpt":{"rendered":"<h2>Juntos siempre es m\u00e1s divertido descansar.<\/h2>\n<p data-start=\"820\" data-end=\"1218\">Nap Duo es como Nap Solo, pero m\u00e1s grande y sociable: creado para relajarse, re\u00edr y disfrutar del sol en pareja.<br data-start=\"945\" data-end=\"948\" \/>Las piezas met\u00e1licas se pueden elegir de toda la carta de colores RAL, por lo que ninguna terraza ni patio trasero tendr\u00e1 que prescindir de su compa\u00f1ero ideal para tumbarse al sol. La parte de madera est\u00e1 fabricada con pl\u00e1stico reciclado, que no teme a la lluvia, al sol ni a que alguien se siente encima con un helado.<\/p>\n<p data-start=\"1220\" data-end=\"1369\">Nap Duo demuestra que descansar es bueno, pero hacerlo en pareja es el doble de bueno. A menos que haya alguien roncando, pero eso no es responsabilidad nuestra.<\/p>\n<p data-start=\"536\" data-end=\"636\">Garant\u00eda de 15 a\u00f1os.<\/p>","protected":false},"featured_media":3801,"template":"","meta":[],"product_brand":[31],"product_cat":[30],"product_tag":[],"class_list":{"0":"post-29126","1":"product","2":"type-product","3":"status-publish","4":"has-post-thumbnail","6":"product_brand-naamo","7":"product_cat-lamamistoolid","8":"pa_materjal-metallist-kandev-osa","9":"pa_materjal-taaskasutatud-plast-laudis","10":"pa_puidutoon-beige-harjatud","11":"pa_puidutoon-golden-oak-puidustruktuur","12":"pa_puidutoon-olive-harjatud","13":"pa_puidutoon-timber-effect-puidustruktuur","14":"pa_puidutoon-winter-white-puidustruktuur","16":"first","17":"instock","18":"sale","19":"taxable","20":"shipping-taxable","21":"purchasable","22":"product-type-variable"},"_links":{"self":[{"href":"https:\/\/naamo.ee\/es\/wp-json\/wp\/v2\/product\/29126","targetHints":{"allow":["GET"]}}],"collection":[{"href":"https:\/\/naamo.ee\/es\/wp-json\/wp\/v2\/product"}],"about":[{"href":"https:\/\/naamo.ee\/es\/wp-json\/wp\/v2\/types\/product"}],"version-history":[{"count":3,"href":"https:\/\/naamo.ee\/es\/wp-json\/wp\/v2\/product\/29126\/revisions"}],"predecessor-version":[{"id":29134,"href":"https:\/\/naamo.ee\/es\/wp-json\/wp\/v2\/product\/29126\/revisions\/29134"}],"wp:featuredmedia":[{"embeddable":true,"href":"https:\/\/naamo.ee\/es\/wp-json\/wp\/v2\/media\/3801"}],"wp:attachment":[{"href":"https:\/\/naamo.ee\/es\/wp-json\/wp\/v2\/media?parent=29126"}],"wp:term":[{"taxonomy":"product_brand","embeddable":true,"href":"https:\/\/naamo.ee\/es\/wp-json\/wp\/v2\/product_brand?post=29126"},{"taxonomy":"product_cat","embeddable":true,"href":"https:\/\/naamo.ee\/es\/wp-json\/wp\/v2\/product_cat?post=29126"},{"taxonomy":"product_tag","embeddable":true,"href":"https:\/\/naamo.ee\/es\/wp-json\/wp\/v2\/product_tag?post=29126"}],"curies":[{"name":"wp","href":"https:\/\/api.w.org\/{rel}","templated":true}]}}