{"id":29135,"date":"2025-11-17T18:18:09","date_gmt":"2025-11-17T18:18:09","guid":{"rendered":"https:\/\/naamo.ee\/?post_type=product&#038;p=29135"},"modified":"2026-02-06T12:21:39","modified_gmt":"2026-02-06T10:21:39","slug":"aiapink-naamo-chillbench-duo","status":"publish","type":"product","link":"https:\/\/naamo.ee\/es\/producto\/aiapink-naamo-chillbench-duo\/","title":{"rendered":"Banco de jard\u00edn Naamo ChillBench Duo"},"content":{"rendered":"","protected":false},"excerpt":{"rendered":"<h2>Si\u00e9ntate. Respira. Y deja que el banco haga todo el trabajo.<\/h2>\n<p data-start=\"213\" data-end=\"621\">Naamo ChillBench Duo es un banco que parece el sue\u00f1o de un dise\u00f1ador y se asienta como una nube que ha estudiado ingenier\u00eda. Su soluci\u00f3n de patas met\u00e1licas macizas le da al banco tanta confianza como a algunas personas despu\u00e9s de una segunda taza de caf\u00e9. El asiento est\u00e1 hecho de pl\u00e1stico reciclado, que es sorprendentemente c\u00f3modo, duradero y nunca se queja, incluso cuando el tiempo es tal que todos los dem\u00e1s ya se est\u00e1n quejando.<\/p>\n<p data-start=\"623\" data-end=\"775\">Es un banco para aquellos que quieren sentarse un momento... y luego un poco m\u00e1s. Y un poco m\u00e1s. Y finalmente descubrir que ya llevan all\u00ed medio d\u00eda.<\/p>\n<p data-start=\"777\" data-end=\"846\"><em data-start=\"777\" data-end=\"846\">Naamo ChillBench Duo: un banco que no pide mucho, pero ofrece mucho.<\/em><\/p>","protected":false},"featured_media":3811,"template":"","meta":[],"product_brand":[31],"product_cat":[29],"product_tag":[],"class_list":{"0":"post-29135","1":"product","2":"type-product","3":"status-publish","4":"has-post-thumbnail","6":"product_brand-naamo","7":"product_cat-pingid","8":"pa_materjal-metallist-kandev-osa","9":"pa_materjal-taaskasutatud-plast-laudis","10":"pa_puidutoon-beige-harjatud","11":"pa_puidutoon-golden-oak-puidustruktuur","12":"pa_puidutoon-olive-harjatud","13":"pa_puidutoon-timber-effect-puidustruktuur","14":"pa_puidutoon-winter-white-puidustruktuur","16":"first","17":"instock","18":"sale","19":"taxable","20":"shipping-taxable","21":"purchasable","22":"product-type-variable"},"_links":{"self":[{"href":"https:\/\/naamo.ee\/es\/wp-json\/wp\/v2\/product\/29135","targetHints":{"allow":["GET"]}}],"collection":[{"href":"https:\/\/naamo.ee\/es\/wp-json\/wp\/v2\/product"}],"about":[{"href":"https:\/\/naamo.ee\/es\/wp-json\/wp\/v2\/types\/product"}],"version-history":[{"count":2,"href":"https:\/\/naamo.ee\/es\/wp-json\/wp\/v2\/product\/29135\/revisions"}],"predecessor-version":[{"id":29439,"href":"https:\/\/naamo.ee\/es\/wp-json\/wp\/v2\/product\/29135\/revisions\/29439"}],"wp:featuredmedia":[{"embeddable":true,"href":"https:\/\/naamo.ee\/es\/wp-json\/wp\/v2\/media\/3811"}],"wp:attachment":[{"href":"https:\/\/naamo.ee\/es\/wp-json\/wp\/v2\/media?parent=29135"}],"wp:term":[{"taxonomy":"product_brand","embeddable":true,"href":"https:\/\/naamo.ee\/es\/wp-json\/wp\/v2\/product_brand?post=29135"},{"taxonomy":"product_cat","embeddable":true,"href":"https:\/\/naamo.ee\/es\/wp-json\/wp\/v2\/product_cat?post=29135"},{"taxonomy":"product_tag","embeddable":true,"href":"https:\/\/naamo.ee\/es\/wp-json\/wp\/v2\/product_tag?post=29135"}],"curies":[{"name":"wp","href":"https:\/\/api.w.org\/{rel}","templated":true}]}}