{"id":29154,"date":"2025-11-17T18:29:58","date_gmt":"2025-11-17T18:29:58","guid":{"rendered":"https:\/\/naamo.ee\/?post_type=product&#038;p=29154"},"modified":"2026-02-06T12:20:55","modified_gmt":"2026-02-06T10:20:55","slug":"aiapink-naamo-chillbench-grande","status":"publish","type":"product","link":"https:\/\/naamo.ee\/es\/producto\/aiapink-naamo-chillbench-grande\/","title":{"rendered":"Banco de jard\u00edn Naamo ChillBench Grande"},"content":{"rendered":"","protected":false},"excerpt":{"rendered":"<h2>M\u00e1s espacio. M\u00e1s comodidad. M\u00e1s \u201eno me voy a levantar de aqu\u00ed hasta ma\u00f1ana\u201c.\u201c<\/h2>\n<p data-start=\"284\" data-end=\"630\">Naamo ChillBench Grande es un banco que da un nuevo significado al concepto de \u201ccompa\u00f1\u00eda m\u00e1s amplia\u201d. Con m\u00e1s espacio para sentarse y una forma m\u00e1s c\u00f3moda, es como un sof\u00e1 de sal\u00f3n que ha decidido trasladarse al jard\u00edn. Las patas met\u00e1licas se erigen como monta\u00f1as, estables y dignas, y los paneles del asiento, fabricados con pl\u00e1stico reciclado, son tan resistentes que ni siquiera el clima se atreve a desafiarlos.<\/p>\n<p data-start=\"632\" data-end=\"817\">Este banco est\u00e1 pensado para aquellos que quieren estirarse, ocupar espacio y simplemente... estar. Ya sea en pareja, en tr\u00edo o solo con tus pensamientos (que a veces son m\u00e1s que las personas).<\/p>\n<p data-start=\"819\" data-end=\"894\"><em data-start=\"819\" data-end=\"894\">ChillBench Grande: \u00bfpor qu\u00e9 sentarse inc\u00f3modo cuando se puede estar c\u00f3modamente estirado?<\/em><\/p>","protected":false},"featured_media":3819,"template":"","meta":[],"product_brand":[31],"product_cat":[29],"product_tag":[],"class_list":{"0":"post-29154","1":"product","2":"type-product","3":"status-publish","4":"has-post-thumbnail","6":"product_brand-naamo","7":"product_cat-pingid","8":"pa_materjal-metallist-kandev-osa","9":"pa_materjal-taaskasutatud-plast-laudis","10":"pa_puidutoon-beige-harjatud","11":"pa_puidutoon-golden-oak-puidustruktuur","12":"pa_puidutoon-olive-harjatud","13":"pa_puidutoon-timber-effect-puidustruktuur","14":"pa_puidutoon-winter-white-puidustruktuur","16":"first","17":"instock","18":"sale","19":"taxable","20":"shipping-taxable","21":"purchasable","22":"product-type-variable"},"_links":{"self":[{"href":"https:\/\/naamo.ee\/es\/wp-json\/wp\/v2\/product\/29154","targetHints":{"allow":["GET"]}}],"collection":[{"href":"https:\/\/naamo.ee\/es\/wp-json\/wp\/v2\/product"}],"about":[{"href":"https:\/\/naamo.ee\/es\/wp-json\/wp\/v2\/types\/product"}],"version-history":[{"count":1,"href":"https:\/\/naamo.ee\/es\/wp-json\/wp\/v2\/product\/29154\/revisions"}],"predecessor-version":[{"id":29160,"href":"https:\/\/naamo.ee\/es\/wp-json\/wp\/v2\/product\/29154\/revisions\/29160"}],"wp:featuredmedia":[{"embeddable":true,"href":"https:\/\/naamo.ee\/es\/wp-json\/wp\/v2\/media\/3819"}],"wp:attachment":[{"href":"https:\/\/naamo.ee\/es\/wp-json\/wp\/v2\/media?parent=29154"}],"wp:term":[{"taxonomy":"product_brand","embeddable":true,"href":"https:\/\/naamo.ee\/es\/wp-json\/wp\/v2\/product_brand?post=29154"},{"taxonomy":"product_cat","embeddable":true,"href":"https:\/\/naamo.ee\/es\/wp-json\/wp\/v2\/product_cat?post=29154"},{"taxonomy":"product_tag","embeddable":true,"href":"https:\/\/naamo.ee\/es\/wp-json\/wp\/v2\/product_tag?post=29154"}],"curies":[{"name":"wp","href":"https:\/\/api.w.org\/{rel}","templated":true}]}}