{"id":29168,"date":"2025-11-17T18:38:22","date_gmt":"2025-11-17T18:38:22","guid":{"rendered":"https:\/\/naamo.ee\/?post_type=product&#038;p=29168"},"modified":"2026-02-06T12:19:42","modified_gmt":"2026-02-06T10:19:42","slug":"aialaud-naamo-snacktable-wide","status":"publish","type":"product","link":"https:\/\/naamo.ee\/es\/producto\/aialaud-naamo-snacktable-wide\/","title":{"rendered":"Banco de jard\u00edn Naamo SnackTable Wide"},"content":{"rendered":"","protected":false},"excerpt":{"rendered":"<h2>M\u00e1s superficie, menos excusas para no picar.<\/h2>\n<p data-start=\"1041\" data-end=\"1462\">Naamo SnackTable Wide es el hermano mayor y m\u00e1s seguro de s\u00ed mismo del SnackTable Slimi. M\u00e1s espacioso, m\u00e1s largo y listo para llevar de todo, desde velas y c\u00f3cteles hasta platos largos llenos de pizza y el perro de un amigo (si se porta bien).<br data-start=\"1263\" data-end=\"1266\" \/>La estructura met\u00e1lica se erige con la dignidad del hormig\u00f3n, mientras que la elegante superficie de paneles fabricados con pl\u00e1stico reciclado a\u00f1ade un toque de minimalismo moderno que encaja tanto en terrazas y jardines como en espacios p\u00fablicos.<\/p>\n<p data-start=\"1464\" data-end=\"1548\"><em data-start=\"1464\" data-end=\"1548\">SnackTable Wide: porque a veces necesitas una mesa en la que quepan tanto los aperitivos como tu vida.<\/em><\/p>\n<p data-start=\"1464\" data-end=\"1548\">El tono del tablero del producto que aparece en la imagen es WINTER WHITE y los laterales son RAL 9005.<\/p>","protected":false},"featured_media":3810,"template":"","meta":[],"product_brand":[31],"product_cat":[27],"product_tag":[],"class_list":{"0":"post-29168","1":"product","2":"type-product","3":"status-publish","4":"has-post-thumbnail","6":"product_brand-naamo","7":"product_cat-lauad","8":"pa_materjal-metallist-kandev-osa","9":"pa_materjal-taaskasutatud-plast-laudis","10":"pa_puidutoon-beige-harjatud","11":"pa_puidutoon-golden-oak-puidustruktuur","12":"pa_puidutoon-olive-harjatud","13":"pa_puidutoon-timber-effect-puidustruktuur","14":"pa_puidutoon-winter-white-puidustruktuur","16":"first","17":"instock","18":"sale","19":"taxable","20":"shipping-taxable","21":"purchasable","22":"product-type-variable"},"_links":{"self":[{"href":"https:\/\/naamo.ee\/es\/wp-json\/wp\/v2\/product\/29168","targetHints":{"allow":["GET"]}}],"collection":[{"href":"https:\/\/naamo.ee\/es\/wp-json\/wp\/v2\/product"}],"about":[{"href":"https:\/\/naamo.ee\/es\/wp-json\/wp\/v2\/types\/product"}],"version-history":[{"count":2,"href":"https:\/\/naamo.ee\/es\/wp-json\/wp\/v2\/product\/29168\/revisions"}],"predecessor-version":[{"id":29175,"href":"https:\/\/naamo.ee\/es\/wp-json\/wp\/v2\/product\/29168\/revisions\/29175"}],"wp:featuredmedia":[{"embeddable":true,"href":"https:\/\/naamo.ee\/es\/wp-json\/wp\/v2\/media\/3810"}],"wp:attachment":[{"href":"https:\/\/naamo.ee\/es\/wp-json\/wp\/v2\/media?parent=29168"}],"wp:term":[{"taxonomy":"product_brand","embeddable":true,"href":"https:\/\/naamo.ee\/es\/wp-json\/wp\/v2\/product_brand?post=29168"},{"taxonomy":"product_cat","embeddable":true,"href":"https:\/\/naamo.ee\/es\/wp-json\/wp\/v2\/product_cat?post=29168"},{"taxonomy":"product_tag","embeddable":true,"href":"https:\/\/naamo.ee\/es\/wp-json\/wp\/v2\/product_tag?post=29168"}],"curies":[{"name":"wp","href":"https:\/\/api.w.org\/{rel}","templated":true}]}}