{"id":3641,"date":"2025-10-19T18:24:27","date_gmt":"2025-10-19T18:24:27","guid":{"rendered":"https:\/\/naamo.niine.ee\/?post_type=product&#038;p=3641"},"modified":"2026-02-06T12:22:40","modified_gmt":"2026-02-06T10:22:40","slug":"lamamistool-naamo-nap-solo","status":"publish","type":"product","link":"https:\/\/naamo.ee\/es\/producto\/lamamistool-naamo-nap-solo\/","title":{"rendered":"Sill\u00f3n reclinable Naamo Nap Solo"},"content":{"rendered":"","protected":false},"excerpt":{"rendered":"<h2 style=\"text-align: center;\">T\u00f3mate un descanso. El mundo puede esperar.<\/h2>\n<p>La tumbona Naamo Nap Solo es una tumbona individual c\u00f3moda y resistente, dise\u00f1ada para disfrutar al aire libre, en la terraza o en el jard\u00edn. El marco met\u00e1lico se puede pedir en cualquier color de la gama RAL para que combine perfectamente con el estilo de tu hogar o negocio. La parte de madera est\u00e1 fabricada con pl\u00e1stico reciclado, que es resistente, no necesita mantenimiento y est\u00e1 disponible en diferentes tonos.<br data-start=\"548\" data-end=\"551\" \/>Naamo Nap Solo es la elecci\u00f3n ideal para quienes valoran la comodidad, la durabilidad y el dise\u00f1o personalizado: t\u00f3mate un momento para ti, porque el mundo puede esperar.<\/p>\n<p>Garant\u00eda de 15 a\u00f1os.<\/p>","protected":false},"featured_media":3823,"template":"","meta":[],"product_brand":[31],"product_cat":[30],"product_tag":[],"class_list":{"0":"post-3641","1":"product","2":"type-product","3":"status-publish","4":"has-post-thumbnail","6":"product_brand-naamo","7":"product_cat-lamamistoolid","8":"pa_materjal-metallist-kandev-osa","9":"pa_materjal-taaskasutatud-plast-laudis","10":"pa_puidutoon-beige-harjatud","11":"pa_puidutoon-golden-oak-puidustruktuur","12":"pa_puidutoon-olive-harjatud","13":"pa_puidutoon-timber-effect-puidustruktuur","14":"pa_puidutoon-winter-white-puidustruktuur","16":"first","17":"instock","18":"sale","19":"taxable","20":"shipping-taxable","21":"purchasable","22":"product-type-variable"},"_links":{"self":[{"href":"https:\/\/naamo.ee\/es\/wp-json\/wp\/v2\/product\/3641","targetHints":{"allow":["GET"]}}],"collection":[{"href":"https:\/\/naamo.ee\/es\/wp-json\/wp\/v2\/product"}],"about":[{"href":"https:\/\/naamo.ee\/es\/wp-json\/wp\/v2\/types\/product"}],"version-history":[{"count":5,"href":"https:\/\/naamo.ee\/es\/wp-json\/wp\/v2\/product\/3641\/revisions"}],"predecessor-version":[{"id":3744,"href":"https:\/\/naamo.ee\/es\/wp-json\/wp\/v2\/product\/3641\/revisions\/3744"}],"wp:featuredmedia":[{"embeddable":true,"href":"https:\/\/naamo.ee\/es\/wp-json\/wp\/v2\/media\/3823"}],"wp:attachment":[{"href":"https:\/\/naamo.ee\/es\/wp-json\/wp\/v2\/media?parent=3641"}],"wp:term":[{"taxonomy":"product_brand","embeddable":true,"href":"https:\/\/naamo.ee\/es\/wp-json\/wp\/v2\/product_brand?post=3641"},{"taxonomy":"product_cat","embeddable":true,"href":"https:\/\/naamo.ee\/es\/wp-json\/wp\/v2\/product_cat?post=3641"},{"taxonomy":"product_tag","embeddable":true,"href":"https:\/\/naamo.ee\/es\/wp-json\/wp\/v2\/product_tag?post=3641"}],"curies":[{"name":"wp","href":"https:\/\/api.w.org\/{rel}","templated":true}]}}