{"id":8459,"date":"2021-10-12T15:51:09","date_gmt":"2021-10-12T15:51:09","guid":{"rendered":"http:\/\/dummy.xtemos.com\/woodmart2\/elementor\/?page_id=4400"},"modified":"2026-02-16T08:24:47","modified_gmt":"2026-02-16T06:24:47","slug":"naamost","status":"publish","type":"page","link":"https:\/\/naamo.ee\/fi\/naamost\/","title":{"rendered":"Naamost"},"content":{"rendered":"<div data-elementor-type=\"wp-page\" data-elementor-id=\"8459\" class=\"elementor elementor-8459\">\n\t\t\t\t<div class=\"wd-negative-gap elementor-element elementor-element-1c90c3f wd-section-stretch e-flex e-con-boxed e-con e-parent\" data-id=\"1c90c3f\" data-element_type=\"container\" data-e-type=\"container\" data-settings=\"{&quot;background_background&quot;:&quot;classic&quot;}\">\n\t\t\t\t\t<div class=\"e-con-inner\">\n\t\t\t\t<div class=\"elementor-element elementor-element-5d57672 elementor-widget__width-initial elementor-widget-tablet__width-inherit wd-width-100 elementor-widget elementor-widget-wd_title\" data-id=\"5d57672\" data-element_type=\"widget\" data-e-type=\"widget\" data-widget_type=\"wd_title.default\">\n\t\t\t\t<div class=\"elementor-widget-container\">\n\t\t\t\t\t\t\t<div class=\"title-wrapper wd-set-mb reset-last-child wd-title-color-primary wd-title-style-default wd-title-size-large text-left\">\n\n\t\t\t\t\t\t\t\t\t\t\t<div class=\"title-subtitle subtitle-color-primary subtitle-style-default wd-fontsize-xs\">\n\t\t\t\t\tMUUTAMA SANA MEIST\u00c4\t\t\t\t<\/div>\n\t\t\t\n\t\t\t<div class=\"liner-continer\">\n\t\t\t\t<h4 class=\"woodmart-title-container title wd-fontsize-xxl\">Tuotteemme ovat vahvoja, kest\u00e4vi\u00e4 ja ymp\u00e4rist\u00f6yst\u00e4v\u00e4llisi\u00e4.<\/h4> \n\t\t\t\t\t\t\t<\/div>\n\n\t\t\t\t\t<\/div>\n\t\t\t\t\t\t<\/div>\n\t\t\t\t<\/div>\n\t\t\t\t<div class=\"elementor-element elementor-element-9c05225 elementor-widget__width-initial elementor-widget elementor-widget-wd_infobox\" data-id=\"9c05225\" data-element_type=\"widget\" data-e-type=\"widget\" data-widget_type=\"wd_infobox.default\">\n\t\t\t\t<div class=\"elementor-widget-container\">\n\t\t\t\t\t\t\t<div class=\"info-box-wrapper\">\n\t\t\t<div class=\"wd-info-box text-left box-icon-align-top box-style-base color-scheme-\">\n\t\t\t\t\n\t\t\t\t<div class=\"info-box-content\">\n\t\t\t\t\t\n\t\t\t\t\t\t\t\t\t\t\t<h4\t\t\t\t\t\tclass=\"info-box-title title box-title-style-default wd-fontsize-m\" data-elementor-setting-key=\"title\">\n\t\t\t\t\t\t\t\tParannamme sen, mit\u00e4 teemme\t\t\t\t\t\t<\/h4>\n\t\t\t\t\t\n\t\t\t\t\t<div class=\"info-box-inner reset-last-child\"data-elementor-setting-key=\"content\"><p>Koko tuotevalikoimamme on suunniteltu ja valmistettu juuri sellaiseksi kuin haluamme sen olevan.<\/p>\n<\/div>\n\n\t\t\t\t\t\t\t\t\t<\/div>\n\n\t\t\t\t\t\t\t\t\t<a href=\"#\" class=\"wd-info-box-link wd-fill\" aria-label=\"Infobox-linkki\"><\/a>\n\t\t\t\t\t\t\t<\/div>\n\t\t<\/div>\n\t\t\t\t\t\t<\/div>\n\t\t\t\t<\/div>\n\t\t\t\t<div class=\"elementor-element elementor-element-ec30bde elementor-widget__width-initial elementor-widget elementor-widget-wd_infobox\" data-id=\"ec30bde\" data-element_type=\"widget\" data-e-type=\"widget\" data-widget_type=\"wd_infobox.default\">\n\t\t\t\t<div class=\"elementor-widget-container\">\n\t\t\t\t\t\t\t<div class=\"info-box-wrapper\">\n\t\t\t<div class=\"wd-info-box text-left box-icon-align-top box-style-base color-scheme-\">\n\t\t\t\t\n\t\t\t\t<div class=\"info-box-content\">\n\t\t\t\t\t\n\t\t\t\t\t\t\t\t\t\t\t<h4\t\t\t\t\t\tclass=\"info-box-title title box-title-style-default wd-fontsize-m\" data-elementor-setting-key=\"title\">\n\t\t\t\t\t\t\t\tTy\u00f6prosessimme\t\t\t\t\t\t<\/h4>\n\t\t\t\t\t\n\t\t\t\t\t<div class=\"info-box-inner reset-last-child\"data-elementor-setting-key=\"content\"><p>Kaikki tuotteemme ovat asiakasl\u00e4ht\u00f6isi\u00e4, sek\u00e4 metallin ett\u00e4 puun osalta, ja v\u00e4rivalikoima on k\u00e4yt\u00e4nn\u00f6ss\u00e4 rajaton.<\/p>\n<\/div>\n\n\t\t\t\t\t\t\t\t\t<\/div>\n\n\t\t\t\t\t\t\t\t\t<a href=\"#\" class=\"wd-info-box-link wd-fill\" aria-label=\"Infobox-linkki\"><\/a>\n\t\t\t\t\t\t\t<\/div>\n\t\t<\/div>\n\t\t\t\t\t\t<\/div>\n\t\t\t\t<\/div>\n\t\t\t\t\t<\/div>\n\t\t\t\t<\/div>\n\t\t<div class=\"wd-negative-gap elementor-element elementor-element-7c7c544 e-flex e-con-boxed e-con e-parent\" data-id=\"7c7c544\" data-element_type=\"container\" data-e-type=\"container\">\n\t\t\t\t\t<div class=\"e-con-inner\">\n\t\t<div class=\"elementor-element elementor-element-e7cb5cd e-con-full e-flex e-con e-child\" data-id=\"e7cb5cd\" data-element_type=\"container\" data-e-type=\"container\">\n\t\t\t\t<div class=\"elementor-element elementor-element-56aec39 elementor-widget elementor-widget-wd_image_or_svg\" data-id=\"56aec39\" data-element_type=\"widget\" data-e-type=\"widget\" data-widget_type=\"wd_image_or_svg.default\">\n\t\t\t\t<div class=\"elementor-widget-container\">\n\t\t\t\t\t\n\t\t<div class=\"wd-image text-left\">\n\t\t\t\t\t\t\t\t<img loading=\"lazy\" decoding=\"async\" width=\"1920\" height=\"1280\" src=\"https:\/\/naamo.ee\/wp-content\/uploads\/2025\/10\/DSC05864-2.jpg\" class=\"attachment-full size-full\" alt=\"\" srcset=\"https:\/\/naamo.ee\/wp-content\/uploads\/2025\/10\/DSC05864-2.jpg 1920w, https:\/\/naamo.ee\/wp-content\/uploads\/2025\/10\/DSC05864-2-600x400.jpg 600w, https:\/\/naamo.ee\/wp-content\/uploads\/2025\/10\/DSC05864-2-300x200.jpg 300w, https:\/\/naamo.ee\/wp-content\/uploads\/2025\/10\/DSC05864-2-1024x683.jpg 1024w, https:\/\/naamo.ee\/wp-content\/uploads\/2025\/10\/DSC05864-2-768x512.jpg 768w, https:\/\/naamo.ee\/wp-content\/uploads\/2025\/10\/DSC05864-2-1536x1024.jpg 1536w\" sizes=\"auto, (max-width: 1920px) 100vw, 1920px\" \/>\t\t\t\t\t<\/div>\n\n\t\t\t\t\t\t<\/div>\n\t\t\t\t<\/div>\n\t\t\t\t<div class=\"elementor-element elementor-element-3631e9d elementor-widget elementor-widget-wd_image_or_svg\" data-id=\"3631e9d\" data-element_type=\"widget\" data-e-type=\"widget\" data-widget_type=\"wd_image_or_svg.default\">\n\t\t\t\t<div class=\"elementor-widget-container\">\n\t\t\t\t\t\n\t\t<div class=\"wd-image text-left\">\n\t\t\t\t\t\t\t\t<img loading=\"lazy\" decoding=\"async\" width=\"1920\" height=\"1280\" src=\"https:\/\/naamo.ee\/wp-content\/uploads\/2025\/10\/DSC05857-3.jpg\" class=\"attachment-full size-full\" alt=\"Aialaud Naamo SnackTable Wide\" srcset=\"https:\/\/naamo.ee\/wp-content\/uploads\/2025\/10\/DSC05857-3.jpg 1920w, https:\/\/naamo.ee\/wp-content\/uploads\/2025\/10\/DSC05857-3-600x400.jpg 600w, https:\/\/naamo.ee\/wp-content\/uploads\/2025\/10\/DSC05857-3-300x200.jpg 300w, https:\/\/naamo.ee\/wp-content\/uploads\/2025\/10\/DSC05857-3-1024x683.jpg 1024w, https:\/\/naamo.ee\/wp-content\/uploads\/2025\/10\/DSC05857-3-768x512.jpg 768w, https:\/\/naamo.ee\/wp-content\/uploads\/2025\/10\/DSC05857-3-1536x1024.jpg 1536w\" sizes=\"auto, (max-width: 1920px) 100vw, 1920px\" \/>\t\t\t\t\t<\/div>\n\n\t\t\t\t\t\t<\/div>\n\t\t\t\t<\/div>\n\t\t\t\t<\/div>\n\t\t<div class=\"elementor-element elementor-element-97d6084 e-con-full e-flex e-con e-child\" data-id=\"97d6084\" data-element_type=\"container\" data-e-type=\"container\">\n\t\t\t\t<div class=\"elementor-element elementor-element-98d830b wd-width-100 elementor-widget elementor-widget-wd_title\" data-id=\"98d830b\" data-element_type=\"widget\" data-e-type=\"widget\" data-widget_type=\"wd_title.default\">\n\t\t\t\t<div class=\"elementor-widget-container\">\n\t\t\t\t\t\t\t<div class=\"title-wrapper wd-set-mb reset-last-child wd-title-color-primary wd-title-style-default wd-title-size-large text-left\">\n\n\t\t\t\n\t\t\t<div class=\"liner-continer\">\n\t\t\t\t<h4 class=\"woodmart-title-container title wd-fontsize-xxl\">Hieman meist\u00e4<\/h4> \n\t\t\t\t\t\t\t<\/div>\n\n\t\t\t\t\t<\/div>\n\t\t\t\t\t\t<\/div>\n\t\t\t\t<\/div>\n\t\t\t\t<div class=\"elementor-element elementor-element-66e47ad elementor-widget elementor-widget-wd_text_block\" data-id=\"66e47ad\" data-element_type=\"widget\" data-e-type=\"widget\" data-widget_type=\"wd_text_block.default\">\n\t\t\t\t<div class=\"elementor-widget-container\">\n\t\t\t\t\t\t\t<div class=\"wd-text-block reset-last-child text-left\">\n\t\t\t\n\t\t\t<p data-start=\"208\" data-end=\"473\">Naamo:n terassi- ja katukalusteet on valmistettu kest\u00e4m\u00e4\u00e4n. Mallimme kest\u00e4v\u00e4t pohjoisen ankarat talvet, kuuman kes\u00e4auringon, sateen ja lumen. Valmistamme kalusteita, jotka eiv\u00e4t kulu tai mene muodostaan \u2013 jopa 15 vuoden kuluttua ne n\u00e4ytt\u00e4v\u00e4t yht\u00e4 hyv\u00e4lt\u00e4 kuin t\u00e4n\u00e4\u00e4n.<\/p><p data-start=\"475\" data-end=\"754\">Naamo-huonekalut t\u00e4ytt\u00e4v\u00e4t korkeimman ymp\u00e4rist\u00f6luokan C5 vaatimukset \u2013 t\u00e4m\u00e4 tarkoittaa, ett\u00e4 voit unohtaa ruosteen, haalistumisen tai halkeilun. Ymp\u00e4rist\u00f6 on meille t\u00e4rke\u00e4: jokainen tuote on valmistettu pienell\u00e4 ekologisella jalanj\u00e4ljell\u00e4 ja kest\u00e4\u00e4 pitk\u00e4\u00e4n ilman, ett\u00e4 sit\u00e4 tarvitsee vaihtaa usein.<\/p><p data-start=\"756\" data-end=\"1045\">Haluatko jotain ainutlaatuista?<br data-start=\"782\" data-end=\"785\" \/>Valitse itsellesi sopiva v\u00e4ri - t\u00e4ll\u00e4 hetkell\u00e4 meill\u00e4 on saatavilla seuraavat v\u00e4rit <strong>5 RAL-v\u00e4ri\u00e4 <\/strong>(saatavana koko kuvastoon), joista voit valita itsellesi parhaiten sopivan v\u00e4rimaailman. Yhdistele kalusteiden sivut ja p\u00e4\u00e4lliset makusi mukaan ja luo t\u00e4ydellinen ratkaisu terassillesi tai julkiseen tilaan.<\/p><p data-start=\"1047\" data-end=\"1182\">Saatavilla sek\u00e4 yksityisasiakkaille ett\u00e4 julkisiin tiloihin \u2013 tilaa yksitt\u00e4isi\u00e4 tuotteita tai suurempia m\u00e4\u00e4ri\u00e4. Tarvittaessa autamme my\u00f6s asennuksessa.<\/p><p data-start=\"1184\" data-end=\"1275\"><strong data-start=\"1184\" data-end=\"1275\">Naamo \u2013 kest\u00e4v\u00e4 mukavuus. Ota yhteytt\u00e4, niin luodaan yhdess\u00e4 jotain todella kest\u00e4v\u00e4\u00e4!<\/strong><\/p>\n\t\t\t\t\t<\/div>\n\t\t\t\t\t\t<\/div>\n\t\t\t\t<\/div>\n\t\t\t\t<\/div>\n\t\t\t\t\t<\/div>\n\t\t\t\t<\/div>\n\t\t\t\t<\/div>","protected":false},"excerpt":{"rendered":"<p>M\u00d5NE S\u00d5NAGA NATUKENE MEIST Meie tooted on tugevad, vastupidavad ja keskkonnas\u00f5bralikud. Me arstame seda, mida me teeme Kogu meie tootevalik<\/p>","protected":false},"author":1,"featured_media":0,"parent":0,"menu_order":0,"comment_status":"closed","ping_status":"closed","template":"","meta":{"footnotes":""},"class_list":["post-8459","page","type-page","status-publish","hentry"],"_links":{"self":[{"href":"https:\/\/naamo.ee\/fi\/wp-json\/wp\/v2\/pages\/8459","targetHints":{"allow":["GET"]}}],"collection":[{"href":"https:\/\/naamo.ee\/fi\/wp-json\/wp\/v2\/pages"}],"about":[{"href":"https:\/\/naamo.ee\/fi\/wp-json\/wp\/v2\/types\/page"}],"author":[{"embeddable":true,"href":"https:\/\/naamo.ee\/fi\/wp-json\/wp\/v2\/users\/1"}],"replies":[{"embeddable":true,"href":"https:\/\/naamo.ee\/fi\/wp-json\/wp\/v2\/comments?post=8459"}],"version-history":[{"count":5,"href":"https:\/\/naamo.ee\/fi\/wp-json\/wp\/v2\/pages\/8459\/revisions"}],"predecessor-version":[{"id":29713,"href":"https:\/\/naamo.ee\/fi\/wp-json\/wp\/v2\/pages\/8459\/revisions\/29713"}],"wp:attachment":[{"href":"https:\/\/naamo.ee\/fi\/wp-json\/wp\/v2\/media?parent=8459"}],"curies":[{"name":"wp","href":"https:\/\/api.w.org\/{rel}","templated":true}]}}