{"id":29126,"date":"2025-11-17T18:04:57","date_gmt":"2025-11-17T18:04:57","guid":{"rendered":"https:\/\/naamo.ee\/?post_type=product&#038;p=29126"},"modified":"2026-02-06T12:22:29","modified_gmt":"2026-02-06T10:22:29","slug":"lamamistool-naamo-nap-duo","status":"publish","type":"product","link":"https:\/\/naamo.ee\/fi\/tuote\/lamamistool-naamo-nap-duo\/","title":{"rendered":"Kallistuva tuoli Naamo Nap Duo"},"content":{"rendered":"","protected":false},"excerpt":{"rendered":"<h2>Yhdess\u00e4 rentoutuminen on aina hauskempaa.<\/h2>\n<p data-start=\"820\" data-end=\"1218\">Nap Duo on kuin Nap Solo, mutta suurempi ja seurallisempi \u2013 suunniteltu kahdelle hengelle rentoutumiseen, nauruun ja auringon nauttimiseen.<br data-start=\"945\" data-end=\"948\" \/>Metalliosat voidaan valita koko RAL-v\u00e4rikartasta, joten mik\u00e4\u00e4n terassi tai takapiha ei j\u00e4\u00e4 ilman ihanteellista lepotuolia. Puuosat on valmistettu kierr\u00e4tysmuovista, joka kest\u00e4\u00e4 sadetta, aurinkoa ja jopa sen, ett\u00e4 joku istuu sen p\u00e4\u00e4lle j\u00e4\u00e4tel\u00f6t\u00f6tter\u00f6 k\u00e4dess\u00e4.<\/p>\n<p data-start=\"1220\" data-end=\"1369\">Nap Duo todistaa, ett\u00e4 lepo on hyv\u00e4ksi, mutta yhdess\u00e4 jonkun muun kanssa se on kaksinkertaisen hyv\u00e4ksi. Ellei tietenk\u00e4\u00e4n se joku muu kuorsaa \u2013 mutta siit\u00e4 emme voi ottaa vastuuta.<\/p>\n<p data-start=\"536\" data-end=\"636\">15 vuoden takuu.<\/p>","protected":false},"featured_media":3801,"template":"","meta":[],"product_brand":[31],"product_cat":[30],"product_tag":[],"class_list":{"0":"post-29126","1":"product","2":"type-product","3":"status-publish","4":"has-post-thumbnail","6":"product_brand-naamo","7":"product_cat-lamamistoolid","8":"pa_materjal-metallist-kandev-osa","9":"pa_materjal-taaskasutatud-plast-laudis","10":"pa_puidutoon-beige-harjatud","11":"pa_puidutoon-golden-oak-puidustruktuur","12":"pa_puidutoon-olive-harjatud","13":"pa_puidutoon-timber-effect-puidustruktuur","14":"pa_puidutoon-winter-white-puidustruktuur","16":"first","17":"instock","18":"sale","19":"taxable","20":"shipping-taxable","21":"purchasable","22":"product-type-variable"},"_links":{"self":[{"href":"https:\/\/naamo.ee\/fi\/wp-json\/wp\/v2\/product\/29126","targetHints":{"allow":["GET"]}}],"collection":[{"href":"https:\/\/naamo.ee\/fi\/wp-json\/wp\/v2\/product"}],"about":[{"href":"https:\/\/naamo.ee\/fi\/wp-json\/wp\/v2\/types\/product"}],"version-history":[{"count":3,"href":"https:\/\/naamo.ee\/fi\/wp-json\/wp\/v2\/product\/29126\/revisions"}],"predecessor-version":[{"id":29134,"href":"https:\/\/naamo.ee\/fi\/wp-json\/wp\/v2\/product\/29126\/revisions\/29134"}],"wp:featuredmedia":[{"embeddable":true,"href":"https:\/\/naamo.ee\/fi\/wp-json\/wp\/v2\/media\/3801"}],"wp:attachment":[{"href":"https:\/\/naamo.ee\/fi\/wp-json\/wp\/v2\/media?parent=29126"}],"wp:term":[{"taxonomy":"product_brand","embeddable":true,"href":"https:\/\/naamo.ee\/fi\/wp-json\/wp\/v2\/product_brand?post=29126"},{"taxonomy":"product_cat","embeddable":true,"href":"https:\/\/naamo.ee\/fi\/wp-json\/wp\/v2\/product_cat?post=29126"},{"taxonomy":"product_tag","embeddable":true,"href":"https:\/\/naamo.ee\/fi\/wp-json\/wp\/v2\/product_tag?post=29126"}],"curies":[{"name":"wp","href":"https:\/\/api.w.org\/{rel}","templated":true}]}}