{"id":29135,"date":"2025-11-17T18:18:09","date_gmt":"2025-11-17T18:18:09","guid":{"rendered":"https:\/\/naamo.ee\/?post_type=product&#038;p=29135"},"modified":"2026-02-06T12:21:39","modified_gmt":"2026-02-06T10:21:39","slug":"aiapink-naamo-chillbench-duo","status":"publish","type":"product","link":"https:\/\/naamo.ee\/fi\/tuote\/aiapink-naamo-chillbench-duo\/","title":{"rendered":"Puutarhapenkki Naamo ChillBench Duo"},"content":{"rendered":"","protected":false},"excerpt":{"rendered":"<h2>Istu alas. Hengit\u00e4. Ja anna penkin tehd\u00e4 kaikki ty\u00f6.<\/h2>\n<p data-start=\"213\" data-end=\"621\">Naamo ChillBench Duo on penkki, joka n\u00e4ytt\u00e4\u00e4 suunnittelijan unelmalta ja istuu kuin pilvi, joka on opiskellut insin\u00f6\u00f6ritieteit\u00e4. Sen massiiviset metallijalat antavat penkille yht\u00e4 paljon itsevarmuutta kuin joillakin ihmisill\u00e4 on toisen kahvikupillisen j\u00e4lkeen. Istuin on valmistettu kierr\u00e4tetyst\u00e4 muovista, joka on yll\u00e4tt\u00e4v\u00e4n mukava, kest\u00e4v\u00e4 ja ei koskaan valita \u2013 edes silloin, kun s\u00e4\u00e4 on sellainen, ett\u00e4 kaikki muut jo valittavat.<\/p>\n<p data-start=\"623\" data-end=\"775\">T\u00e4m\u00e4 on penkki niille, jotka haluavat istua hetkeksi... ja sitten v\u00e4h\u00e4n pidemp\u00e4\u00e4n. Ja viel\u00e4 v\u00e4h\u00e4n pidemp\u00e4\u00e4n. Ja lopulta huomaavat, ett\u00e4 ovat olleet siell\u00e4 puoli p\u00e4iv\u00e4\u00e4.<\/p>\n<p data-start=\"777\" data-end=\"846\"><em data-start=\"777\" data-end=\"846\">Naamo ChillBench Duo \u2013 penkki, joka ei vaadi paljon, mutta tarjoaa paljon.<\/em><\/p>","protected":false},"featured_media":3811,"template":"","meta":[],"product_brand":[31],"product_cat":[29],"product_tag":[],"class_list":{"0":"post-29135","1":"product","2":"type-product","3":"status-publish","4":"has-post-thumbnail","6":"product_brand-naamo","7":"product_cat-pingid","8":"pa_materjal-metallist-kandev-osa","9":"pa_materjal-taaskasutatud-plast-laudis","10":"pa_puidutoon-beige-harjatud","11":"pa_puidutoon-golden-oak-puidustruktuur","12":"pa_puidutoon-olive-harjatud","13":"pa_puidutoon-timber-effect-puidustruktuur","14":"pa_puidutoon-winter-white-puidustruktuur","16":"first","17":"instock","18":"sale","19":"taxable","20":"shipping-taxable","21":"purchasable","22":"product-type-variable"},"_links":{"self":[{"href":"https:\/\/naamo.ee\/fi\/wp-json\/wp\/v2\/product\/29135","targetHints":{"allow":["GET"]}}],"collection":[{"href":"https:\/\/naamo.ee\/fi\/wp-json\/wp\/v2\/product"}],"about":[{"href":"https:\/\/naamo.ee\/fi\/wp-json\/wp\/v2\/types\/product"}],"version-history":[{"count":2,"href":"https:\/\/naamo.ee\/fi\/wp-json\/wp\/v2\/product\/29135\/revisions"}],"predecessor-version":[{"id":29439,"href":"https:\/\/naamo.ee\/fi\/wp-json\/wp\/v2\/product\/29135\/revisions\/29439"}],"wp:featuredmedia":[{"embeddable":true,"href":"https:\/\/naamo.ee\/fi\/wp-json\/wp\/v2\/media\/3811"}],"wp:attachment":[{"href":"https:\/\/naamo.ee\/fi\/wp-json\/wp\/v2\/media?parent=29135"}],"wp:term":[{"taxonomy":"product_brand","embeddable":true,"href":"https:\/\/naamo.ee\/fi\/wp-json\/wp\/v2\/product_brand?post=29135"},{"taxonomy":"product_cat","embeddable":true,"href":"https:\/\/naamo.ee\/fi\/wp-json\/wp\/v2\/product_cat?post=29135"},{"taxonomy":"product_tag","embeddable":true,"href":"https:\/\/naamo.ee\/fi\/wp-json\/wp\/v2\/product_tag?post=29135"}],"curies":[{"name":"wp","href":"https:\/\/api.w.org\/{rel}","templated":true}]}}