{"id":29154,"date":"2025-11-17T18:29:58","date_gmt":"2025-11-17T18:29:58","guid":{"rendered":"https:\/\/naamo.ee\/?post_type=product&#038;p=29154"},"modified":"2026-02-06T12:20:55","modified_gmt":"2026-02-06T10:20:55","slug":"aiapink-naamo-chillbench-grande","status":"publish","type":"product","link":"https:\/\/naamo.ee\/fi\/tuote\/aiapink-naamo-chillbench-grande\/","title":{"rendered":"Puutarhapenkki Naamo ChillBench Grande"},"content":{"rendered":"","protected":false},"excerpt":{"rendered":"<h2>Enemm\u00e4n tilaa. Enemm\u00e4n mukavuutta. Enemm\u00e4n \u201eEn l\u00e4hde t\u00e4\u00e4lt\u00e4 ennen huomista.\u201c<\/h2>\n<p data-start=\"284\" data-end=\"630\">Naamo ChillBench Grande on penkki, joka antaa aivan uuden merkityksen k\u00e4sitteelle \u201claajempi yst\u00e4v\u00e4piiri\u201d. Enemm\u00e4n istumatilaa ja mukavampi muoto tekev\u00e4t siit\u00e4 kuin ulos siirretyn olohuoneen sohvan. Metallijalat seisovat vakaasti ja arvokkaasti kuin vuoret, ja kierr\u00e4tysmuovista valmistetut istuinpaneelit ovat niin kest\u00e4vi\u00e4, ett\u00e4 edes s\u00e4\u00e4olosuhteet eiv\u00e4t uskalla haastaa niit\u00e4.<\/p>\n<p data-start=\"632\" data-end=\"817\">T\u00e4m\u00e4 penkki on suunniteltu niille, jotka haluavat venytt\u00e4\u00e4 jalkojaan, ottaa tilaa ja vain... olla. Olitpa sitten kahden, kolmen tai yksin ajatustesi kanssa (jotka ovat joskus enemm\u00e4n kuin ihmiset).<\/p>\n<p data-start=\"819\" data-end=\"894\"><em data-start=\"819\" data-end=\"894\">ChillBench Grande \u2014 miksi istua ahtaasti, kun voi venytt\u00e4\u00e4 mukavasti?<\/em><\/p>","protected":false},"featured_media":3819,"template":"","meta":[],"product_brand":[31],"product_cat":[29],"product_tag":[],"class_list":{"0":"post-29154","1":"product","2":"type-product","3":"status-publish","4":"has-post-thumbnail","6":"product_brand-naamo","7":"product_cat-pingid","8":"pa_materjal-metallist-kandev-osa","9":"pa_materjal-taaskasutatud-plast-laudis","10":"pa_puidutoon-beige-harjatud","11":"pa_puidutoon-golden-oak-puidustruktuur","12":"pa_puidutoon-olive-harjatud","13":"pa_puidutoon-timber-effect-puidustruktuur","14":"pa_puidutoon-winter-white-puidustruktuur","16":"first","17":"instock","18":"sale","19":"taxable","20":"shipping-taxable","21":"purchasable","22":"product-type-variable"},"_links":{"self":[{"href":"https:\/\/naamo.ee\/fi\/wp-json\/wp\/v2\/product\/29154","targetHints":{"allow":["GET"]}}],"collection":[{"href":"https:\/\/naamo.ee\/fi\/wp-json\/wp\/v2\/product"}],"about":[{"href":"https:\/\/naamo.ee\/fi\/wp-json\/wp\/v2\/types\/product"}],"version-history":[{"count":1,"href":"https:\/\/naamo.ee\/fi\/wp-json\/wp\/v2\/product\/29154\/revisions"}],"predecessor-version":[{"id":29160,"href":"https:\/\/naamo.ee\/fi\/wp-json\/wp\/v2\/product\/29154\/revisions\/29160"}],"wp:featuredmedia":[{"embeddable":true,"href":"https:\/\/naamo.ee\/fi\/wp-json\/wp\/v2\/media\/3819"}],"wp:attachment":[{"href":"https:\/\/naamo.ee\/fi\/wp-json\/wp\/v2\/media?parent=29154"}],"wp:term":[{"taxonomy":"product_brand","embeddable":true,"href":"https:\/\/naamo.ee\/fi\/wp-json\/wp\/v2\/product_brand?post=29154"},{"taxonomy":"product_cat","embeddable":true,"href":"https:\/\/naamo.ee\/fi\/wp-json\/wp\/v2\/product_cat?post=29154"},{"taxonomy":"product_tag","embeddable":true,"href":"https:\/\/naamo.ee\/fi\/wp-json\/wp\/v2\/product_tag?post=29154"}],"curies":[{"name":"wp","href":"https:\/\/api.w.org\/{rel}","templated":true}]}}