{"id":29168,"date":"2025-11-17T18:38:22","date_gmt":"2025-11-17T18:38:22","guid":{"rendered":"https:\/\/naamo.ee\/?post_type=product&#038;p=29168"},"modified":"2026-02-06T12:19:42","modified_gmt":"2026-02-06T10:19:42","slug":"aialaud-naamo-snacktable-wide","status":"publish","type":"product","link":"https:\/\/naamo.ee\/fi\/tuote\/aialaud-naamo-snacktable-wide\/","title":{"rendered":"Puutarhapenkki Naamo SnackTable Wide"},"content":{"rendered":"","protected":false},"excerpt":{"rendered":"<h2>Enemm\u00e4n tilaa, v\u00e4hemm\u00e4n tekosyit\u00e4 v\u00e4lipalan sy\u00f6m\u00e4tt\u00e4 j\u00e4tt\u00e4miselle.<\/h2>\n<p data-start=\"1041\" data-end=\"1462\">Naamo SnackTable Wide on SnackTable Slimi:n isompi ja itsevarmempi veli. Se on tilavampi, korkeampi ja valmis kuljettamaan kaikkea \u2013 kynttil\u00f6ist\u00e4 ja cocktaileista t\u00e4ysikokoisiin pizzalautasiin ja yst\u00e4v\u00e4si koiraan (jos se on hiljainen).<br data-start=\"1263\" data-end=\"1266\" \/>Metallirakenne seisoo betonin arvokkaasti, kun taas tyylik\u00e4s kierr\u00e4tysmuovista valmistettu paneelipinta lis\u00e4\u00e4 modernia minimalismia, joka sopii terasseille, puutarhoihin ja julkisiin tiloihin.<\/p>\n<p data-start=\"1464\" data-end=\"1548\"><em data-start=\"1464\" data-end=\"1548\">SnackTable Wide \u2013 koska joskus tarvitset p\u00f6yd\u00e4n, jolle mahtuu sek\u00e4 v\u00e4lipalat ett\u00e4 koko el\u00e4m\u00e4si.<\/em><\/p>\n<p data-start=\"1464\" data-end=\"1548\">Kuvassa oleva p\u00f6yt\u00e4levy on WINTER WHITE ja sivut ovat RAL 9005.<\/p>","protected":false},"featured_media":3810,"template":"","meta":[],"product_brand":[31],"product_cat":[27],"product_tag":[],"class_list":{"0":"post-29168","1":"product","2":"type-product","3":"status-publish","4":"has-post-thumbnail","6":"product_brand-naamo","7":"product_cat-lauad","8":"pa_materjal-metallist-kandev-osa","9":"pa_materjal-taaskasutatud-plast-laudis","10":"pa_puidutoon-beige-harjatud","11":"pa_puidutoon-golden-oak-puidustruktuur","12":"pa_puidutoon-olive-harjatud","13":"pa_puidutoon-timber-effect-puidustruktuur","14":"pa_puidutoon-winter-white-puidustruktuur","16":"first","17":"instock","18":"sale","19":"taxable","20":"shipping-taxable","21":"purchasable","22":"product-type-variable"},"_links":{"self":[{"href":"https:\/\/naamo.ee\/fi\/wp-json\/wp\/v2\/product\/29168","targetHints":{"allow":["GET"]}}],"collection":[{"href":"https:\/\/naamo.ee\/fi\/wp-json\/wp\/v2\/product"}],"about":[{"href":"https:\/\/naamo.ee\/fi\/wp-json\/wp\/v2\/types\/product"}],"version-history":[{"count":2,"href":"https:\/\/naamo.ee\/fi\/wp-json\/wp\/v2\/product\/29168\/revisions"}],"predecessor-version":[{"id":29175,"href":"https:\/\/naamo.ee\/fi\/wp-json\/wp\/v2\/product\/29168\/revisions\/29175"}],"wp:featuredmedia":[{"embeddable":true,"href":"https:\/\/naamo.ee\/fi\/wp-json\/wp\/v2\/media\/3810"}],"wp:attachment":[{"href":"https:\/\/naamo.ee\/fi\/wp-json\/wp\/v2\/media?parent=29168"}],"wp:term":[{"taxonomy":"product_brand","embeddable":true,"href":"https:\/\/naamo.ee\/fi\/wp-json\/wp\/v2\/product_brand?post=29168"},{"taxonomy":"product_cat","embeddable":true,"href":"https:\/\/naamo.ee\/fi\/wp-json\/wp\/v2\/product_cat?post=29168"},{"taxonomy":"product_tag","embeddable":true,"href":"https:\/\/naamo.ee\/fi\/wp-json\/wp\/v2\/product_tag?post=29168"}],"curies":[{"name":"wp","href":"https:\/\/api.w.org\/{rel}","templated":true}]}}