{"id":29126,"date":"2025-11-17T18:04:57","date_gmt":"2025-11-17T18:04:57","guid":{"rendered":"https:\/\/naamo.ee\/?post_type=product&#038;p=29126"},"modified":"2026-02-06T12:22:29","modified_gmt":"2026-02-06T10:22:29","slug":"lamamistool-naamo-nap-duo","status":"publish","type":"product","link":"https:\/\/naamo.ee\/it\/prodotto\/lamamistool-naamo-nap-duo\/","title":{"rendered":"Poltrona reclinabile Naamo Nap Duo"},"content":{"rendered":"","protected":false},"excerpt":{"rendered":"<h2>\u00c8 sempre pi\u00f9 divertente rilassarsi insieme.<\/h2>\n<p data-start=\"820\" data-end=\"1218\">L'Nap Duo \u00e8 come il Nap Solo, ma con un cugino pi\u00f9 grande e pi\u00f9 socievole, progettato per rilassarsi, ridere e prendere il sole.<br data-start=\"945\" data-end=\"948\" \/>Le parti in metallo possono essere selezionate da un'intera gamma di colori RAL, per cui nessun patio o cortile sar\u00e0 privo della sua compagna ideale. La parte in legno \u00e8 realizzata in plastica riciclata che non teme la pioggia, il sole o chi vi si siede sopra con un cono gelato.<\/p>\n<p data-start=\"1220\" data-end=\"1369\">Nap Duo dimostra che il riposo fa bene, ma \u00e8 due volte pi\u00f9 bello quando si \u00e8 in due. A meno che qualcuno non russi, ma non possiamo essere ritenuti responsabili di questo.<\/p>\n<p data-start=\"536\" data-end=\"636\">Garanzia 15 anni.<\/p>","protected":false},"featured_media":3801,"template":"","meta":[],"product_brand":[31],"product_cat":[30],"product_tag":[],"class_list":{"0":"post-29126","1":"product","2":"type-product","3":"status-publish","4":"has-post-thumbnail","6":"product_brand-naamo","7":"product_cat-lamamistoolid","8":"pa_materjal-metallist-kandev-osa","9":"pa_materjal-taaskasutatud-plast-laudis","10":"pa_puidutoon-beige-harjatud","11":"pa_puidutoon-golden-oak-puidustruktuur","12":"pa_puidutoon-olive-harjatud","13":"pa_puidutoon-timber-effect-puidustruktuur","14":"pa_puidutoon-winter-white-puidustruktuur","16":"first","17":"instock","18":"sale","19":"taxable","20":"shipping-taxable","21":"purchasable","22":"product-type-variable"},"_links":{"self":[{"href":"https:\/\/naamo.ee\/it\/wp-json\/wp\/v2\/product\/29126","targetHints":{"allow":["GET"]}}],"collection":[{"href":"https:\/\/naamo.ee\/it\/wp-json\/wp\/v2\/product"}],"about":[{"href":"https:\/\/naamo.ee\/it\/wp-json\/wp\/v2\/types\/product"}],"version-history":[{"count":3,"href":"https:\/\/naamo.ee\/it\/wp-json\/wp\/v2\/product\/29126\/revisions"}],"predecessor-version":[{"id":29134,"href":"https:\/\/naamo.ee\/it\/wp-json\/wp\/v2\/product\/29126\/revisions\/29134"}],"wp:featuredmedia":[{"embeddable":true,"href":"https:\/\/naamo.ee\/it\/wp-json\/wp\/v2\/media\/3801"}],"wp:attachment":[{"href":"https:\/\/naamo.ee\/it\/wp-json\/wp\/v2\/media?parent=29126"}],"wp:term":[{"taxonomy":"product_brand","embeddable":true,"href":"https:\/\/naamo.ee\/it\/wp-json\/wp\/v2\/product_brand?post=29126"},{"taxonomy":"product_cat","embeddable":true,"href":"https:\/\/naamo.ee\/it\/wp-json\/wp\/v2\/product_cat?post=29126"},{"taxonomy":"product_tag","embeddable":true,"href":"https:\/\/naamo.ee\/it\/wp-json\/wp\/v2\/product_tag?post=29126"}],"curies":[{"name":"wp","href":"https:\/\/api.w.org\/{rel}","templated":true}]}}