{"id":29135,"date":"2025-11-17T18:18:09","date_gmt":"2025-11-17T18:18:09","guid":{"rendered":"https:\/\/naamo.ee\/?post_type=product&#038;p=29135"},"modified":"2026-02-06T12:21:39","modified_gmt":"2026-02-06T10:21:39","slug":"aiapink-naamo-chillbench-duo","status":"publish","type":"product","link":"https:\/\/naamo.ee\/it\/prodotto\/aiapink-naamo-chillbench-duo\/","title":{"rendered":"Panchina da giardino Naamo ChillBench Duo"},"content":{"rendered":"","protected":false},"excerpt":{"rendered":"<h2>Siediti. Respira. E lascia che sia la panchina a fare tutto il lavoro.<\/h2>\n<p data-start=\"213\" data-end=\"621\">Naamo ChillBench Duo \u00e8 una panchina che sembra il sogno di un designer e su cui ci si siede come su una nuvola che ha studiato ingegneria. Le sue massicce gambe in metallo conferiscono alla panchina la stessa sicurezza che alcune persone hanno dopo la seconda tazza di caff\u00e8. La seduta \u00e8 realizzata in plastica riciclata, sorprendentemente comoda, resistente e che non si lamenta mai, anche quando il tempo \u00e8 tale che tutti gli altri si lamentano gi\u00e0.<\/p>\n<p data-start=\"623\" data-end=\"775\">Questa \u00e8 una panchina per chi vuole sedersi un attimo... e poi un po' pi\u00f9 a lungo. E ancora un po' pi\u00f9 a lungo. E alla fine scopre di esserci rimasto per mezza giornata.<\/p>\n<p data-start=\"777\" data-end=\"846\"><em data-start=\"777\" data-end=\"846\">Naamo ChillBench Duo \u2013 una panca che non chiede molto, ma offre molto.<\/em><\/p>","protected":false},"featured_media":3811,"template":"","meta":[],"product_brand":[31],"product_cat":[29],"product_tag":[],"class_list":{"0":"post-29135","1":"product","2":"type-product","3":"status-publish","4":"has-post-thumbnail","6":"product_brand-naamo","7":"product_cat-pingid","8":"pa_materjal-metallist-kandev-osa","9":"pa_materjal-taaskasutatud-plast-laudis","10":"pa_puidutoon-beige-harjatud","11":"pa_puidutoon-golden-oak-puidustruktuur","12":"pa_puidutoon-olive-harjatud","13":"pa_puidutoon-timber-effect-puidustruktuur","14":"pa_puidutoon-winter-white-puidustruktuur","16":"first","17":"instock","18":"sale","19":"taxable","20":"shipping-taxable","21":"purchasable","22":"product-type-variable"},"_links":{"self":[{"href":"https:\/\/naamo.ee\/it\/wp-json\/wp\/v2\/product\/29135","targetHints":{"allow":["GET"]}}],"collection":[{"href":"https:\/\/naamo.ee\/it\/wp-json\/wp\/v2\/product"}],"about":[{"href":"https:\/\/naamo.ee\/it\/wp-json\/wp\/v2\/types\/product"}],"version-history":[{"count":2,"href":"https:\/\/naamo.ee\/it\/wp-json\/wp\/v2\/product\/29135\/revisions"}],"predecessor-version":[{"id":29439,"href":"https:\/\/naamo.ee\/it\/wp-json\/wp\/v2\/product\/29135\/revisions\/29439"}],"wp:featuredmedia":[{"embeddable":true,"href":"https:\/\/naamo.ee\/it\/wp-json\/wp\/v2\/media\/3811"}],"wp:attachment":[{"href":"https:\/\/naamo.ee\/it\/wp-json\/wp\/v2\/media?parent=29135"}],"wp:term":[{"taxonomy":"product_brand","embeddable":true,"href":"https:\/\/naamo.ee\/it\/wp-json\/wp\/v2\/product_brand?post=29135"},{"taxonomy":"product_cat","embeddable":true,"href":"https:\/\/naamo.ee\/it\/wp-json\/wp\/v2\/product_cat?post=29135"},{"taxonomy":"product_tag","embeddable":true,"href":"https:\/\/naamo.ee\/it\/wp-json\/wp\/v2\/product_tag?post=29135"}],"curies":[{"name":"wp","href":"https:\/\/api.w.org\/{rel}","templated":true}]}}