{"id":29154,"date":"2025-11-17T18:29:58","date_gmt":"2025-11-17T18:29:58","guid":{"rendered":"https:\/\/naamo.ee\/?post_type=product&#038;p=29154"},"modified":"2026-02-06T12:20:55","modified_gmt":"2026-02-06T10:20:55","slug":"aiapink-naamo-chillbench-grande","status":"publish","type":"product","link":"https:\/\/naamo.ee\/it\/prodotto\/aiapink-naamo-chillbench-grande\/","title":{"rendered":"Panchina da giardino Naamo ChillBench Grande"},"content":{"rendered":"","protected":false},"excerpt":{"rendered":"<h2>Pi\u00f9 spazio. Pi\u00f9 comfort. Pi\u00f9 \u201eNon me ne vado da qui fino a domani\u201c.\u201c<\/h2>\n<p data-start=\"284\" data-end=\"630\">Naamo ChillBench Grande \u00e8 una panca che d\u00e0 un significato completamente nuovo al concetto di \u201ccompagnia pi\u00f9 ampia\u201d. Con pi\u00f9 spazio per sedersi e una forma pi\u00f9 confortevole, \u00e8 come un divano da salotto che ha deciso di trasferirsi all'aperto. Le gambe in metallo sono stabili e maestose come montagne, mentre i pannelli della seduta in plastica riciclata sono cos\u00ec resistenti che nemmeno le intemperie osano sfidarli.<\/p>\n<p data-start=\"632\" data-end=\"817\">Questa panchina \u00e8 pensata per chi desidera distendersi, occupare spazio e semplicemente... essere. Che siate in due, in tre o da soli con i vostri pensieri (che a volte sono pi\u00f9 numerosi delle persone).<\/p>\n<p data-start=\"819\" data-end=\"894\"><em data-start=\"819\" data-end=\"894\">ChillBench Grande \u2014 perch\u00e9 stare seduti stretti quando ci si pu\u00f2 distendere comodamente?<\/em><\/p>","protected":false},"featured_media":3819,"template":"","meta":[],"product_brand":[31],"product_cat":[29],"product_tag":[],"class_list":{"0":"post-29154","1":"product","2":"type-product","3":"status-publish","4":"has-post-thumbnail","6":"product_brand-naamo","7":"product_cat-pingid","8":"pa_materjal-metallist-kandev-osa","9":"pa_materjal-taaskasutatud-plast-laudis","10":"pa_puidutoon-beige-harjatud","11":"pa_puidutoon-golden-oak-puidustruktuur","12":"pa_puidutoon-olive-harjatud","13":"pa_puidutoon-timber-effect-puidustruktuur","14":"pa_puidutoon-winter-white-puidustruktuur","16":"first","17":"instock","18":"sale","19":"taxable","20":"shipping-taxable","21":"purchasable","22":"product-type-variable"},"_links":{"self":[{"href":"https:\/\/naamo.ee\/it\/wp-json\/wp\/v2\/product\/29154","targetHints":{"allow":["GET"]}}],"collection":[{"href":"https:\/\/naamo.ee\/it\/wp-json\/wp\/v2\/product"}],"about":[{"href":"https:\/\/naamo.ee\/it\/wp-json\/wp\/v2\/types\/product"}],"version-history":[{"count":1,"href":"https:\/\/naamo.ee\/it\/wp-json\/wp\/v2\/product\/29154\/revisions"}],"predecessor-version":[{"id":29160,"href":"https:\/\/naamo.ee\/it\/wp-json\/wp\/v2\/product\/29154\/revisions\/29160"}],"wp:featuredmedia":[{"embeddable":true,"href":"https:\/\/naamo.ee\/it\/wp-json\/wp\/v2\/media\/3819"}],"wp:attachment":[{"href":"https:\/\/naamo.ee\/it\/wp-json\/wp\/v2\/media?parent=29154"}],"wp:term":[{"taxonomy":"product_brand","embeddable":true,"href":"https:\/\/naamo.ee\/it\/wp-json\/wp\/v2\/product_brand?post=29154"},{"taxonomy":"product_cat","embeddable":true,"href":"https:\/\/naamo.ee\/it\/wp-json\/wp\/v2\/product_cat?post=29154"},{"taxonomy":"product_tag","embeddable":true,"href":"https:\/\/naamo.ee\/it\/wp-json\/wp\/v2\/product_tag?post=29154"}],"curies":[{"name":"wp","href":"https:\/\/api.w.org\/{rel}","templated":true}]}}