{"id":29161,"date":"2025-11-17T18:35:52","date_gmt":"2025-11-17T18:35:52","guid":{"rendered":"https:\/\/naamo.ee\/?post_type=product&#038;p=29161"},"modified":"2026-02-06T12:20:18","modified_gmt":"2026-02-06T10:20:18","slug":"aialaud-naamo-snacktable-slim","status":"publish","type":"product","link":"https:\/\/naamo.ee\/it\/prodotto\/aialaud-naamo-snacktable-slim\/","title":{"rendered":"Panchina da giardino Naamo SnackTable Slim"},"content":{"rendered":"","protected":false},"excerpt":{"rendered":"<h2>Piccolo ma pericoloso... soprattutto pericolosamente conveniente.<\/h2>\n<p data-start=\"310\" data-end=\"805\">Naamo SnackTable Slim \u00e8 un tavolino che dimostra che le dimensioni non sono tutto. Questo complemento d'arredo compatto pu\u00f2 ospitare una tazza da caff\u00e8, un libro, un telefono, mezza anguria e tutte quelle cose che \u201emetti l\u00ec solo per il momento\u201c.<br data-start=\"514\" data-end=\"517\" \/>Le parti metalliche rimangono dritte e solide, mentre i pannelli in legno (realizzati in plastica riciclata, ma nessuno lo direbbe guardandoli!) sembrano autentici oggetti di lusso. Ideale per la terrazza, il balcone, davanti alla sauna o in qualsiasi altro luogo dove non avevate intenzione di mettere altri mobili, finch\u00e9 non avete visto questo tavolo.<\/p>\n<p data-start=\"807\" data-end=\"885\"><em data-start=\"807\" data-end=\"885\">SnackTable Slim \u2013 perch\u00e9 a volte sono le piccole cose a rendere speciale la tua giornata.<\/em><\/p>","protected":false},"featured_media":3803,"template":"","meta":[],"product_brand":[31],"product_cat":[27],"product_tag":[],"class_list":{"0":"post-29161","1":"product","2":"type-product","3":"status-publish","4":"has-post-thumbnail","6":"product_brand-naamo","7":"product_cat-lauad","8":"pa_materjal-metallist-kandev-osa","9":"pa_materjal-taaskasutatud-plast-laudis","10":"pa_puidutoon-beige-harjatud","11":"pa_puidutoon-golden-oak-puidustruktuur","12":"pa_puidutoon-olive-harjatud","13":"pa_puidutoon-timber-effect-puidustruktuur","14":"pa_puidutoon-winter-white-puidustruktuur","16":"first","17":"instock","18":"sale","19":"taxable","20":"shipping-taxable","21":"purchasable","22":"product-type-variable"},"_links":{"self":[{"href":"https:\/\/naamo.ee\/it\/wp-json\/wp\/v2\/product\/29161","targetHints":{"allow":["GET"]}}],"collection":[{"href":"https:\/\/naamo.ee\/it\/wp-json\/wp\/v2\/product"}],"about":[{"href":"https:\/\/naamo.ee\/it\/wp-json\/wp\/v2\/types\/product"}],"version-history":[{"count":1,"href":"https:\/\/naamo.ee\/it\/wp-json\/wp\/v2\/product\/29161\/revisions"}],"predecessor-version":[{"id":29167,"href":"https:\/\/naamo.ee\/it\/wp-json\/wp\/v2\/product\/29161\/revisions\/29167"}],"wp:featuredmedia":[{"embeddable":true,"href":"https:\/\/naamo.ee\/it\/wp-json\/wp\/v2\/media\/3803"}],"wp:attachment":[{"href":"https:\/\/naamo.ee\/it\/wp-json\/wp\/v2\/media?parent=29161"}],"wp:term":[{"taxonomy":"product_brand","embeddable":true,"href":"https:\/\/naamo.ee\/it\/wp-json\/wp\/v2\/product_brand?post=29161"},{"taxonomy":"product_cat","embeddable":true,"href":"https:\/\/naamo.ee\/it\/wp-json\/wp\/v2\/product_cat?post=29161"},{"taxonomy":"product_tag","embeddable":true,"href":"https:\/\/naamo.ee\/it\/wp-json\/wp\/v2\/product_tag?post=29161"}],"curies":[{"name":"wp","href":"https:\/\/api.w.org\/{rel}","templated":true}]}}