{"id":29168,"date":"2025-11-17T18:38:22","date_gmt":"2025-11-17T18:38:22","guid":{"rendered":"https:\/\/naamo.ee\/?post_type=product&#038;p=29168"},"modified":"2026-02-06T12:19:42","modified_gmt":"2026-02-06T10:19:42","slug":"aialaud-naamo-snacktable-wide","status":"publish","type":"product","link":"https:\/\/naamo.ee\/it\/prodotto\/aialaud-naamo-snacktable-wide\/","title":{"rendered":"Panchina da giardino Naamo SnackTable Wide"},"content":{"rendered":"","protected":false},"excerpt":{"rendered":"<h2>Pi\u00f9 spazio, meno scuse per non fare spuntini.<\/h2>\n<p data-start=\"1041\" data-end=\"1462\">Naamo SnackTable Wide \u00e8 il fratello maggiore e pi\u00f9 sicuro di s\u00e9 di SnackTable Slimi. Pi\u00f9 spazioso, pi\u00f9 alto e pronto a trasportare qualsiasi cosa: dalle candele ai cocktail, dai piatti per pizza di dimensioni standard al cane del tuo amico (se \u00e8 tranquillo).<br data-start=\"1263\" data-end=\"1266\" \/>La struttura metallica si erge con la dignit\u00e0 del cemento, mentre l'elegante superficie dei pannelli in plastica riciclata aggiunge un tocco di minimalismo moderno che ben si adatta a terrazze, giardini e spazi pubblici.<\/p>\n<p data-start=\"1464\" data-end=\"1548\"><em data-start=\"1464\" data-end=\"1548\">SnackTable Wide \u2013 perch\u00e9 a volte hai bisogno di un tavolo che possa contenere sia i tuoi snack che la tua vita.<\/em><\/p>\n<p data-start=\"1464\" data-end=\"1548\">Il piano del tavolo nella foto \u00e8 WINTER WHITE e i lati sono RAL 9005.<\/p>","protected":false},"featured_media":3810,"template":"","meta":[],"product_brand":[31],"product_cat":[27],"product_tag":[],"class_list":{"0":"post-29168","1":"product","2":"type-product","3":"status-publish","4":"has-post-thumbnail","6":"product_brand-naamo","7":"product_cat-lauad","8":"pa_materjal-metallist-kandev-osa","9":"pa_materjal-taaskasutatud-plast-laudis","10":"pa_puidutoon-beige-harjatud","11":"pa_puidutoon-golden-oak-puidustruktuur","12":"pa_puidutoon-olive-harjatud","13":"pa_puidutoon-timber-effect-puidustruktuur","14":"pa_puidutoon-winter-white-puidustruktuur","16":"first","17":"instock","18":"sale","19":"taxable","20":"shipping-taxable","21":"purchasable","22":"product-type-variable"},"_links":{"self":[{"href":"https:\/\/naamo.ee\/it\/wp-json\/wp\/v2\/product\/29168","targetHints":{"allow":["GET"]}}],"collection":[{"href":"https:\/\/naamo.ee\/it\/wp-json\/wp\/v2\/product"}],"about":[{"href":"https:\/\/naamo.ee\/it\/wp-json\/wp\/v2\/types\/product"}],"version-history":[{"count":2,"href":"https:\/\/naamo.ee\/it\/wp-json\/wp\/v2\/product\/29168\/revisions"}],"predecessor-version":[{"id":29175,"href":"https:\/\/naamo.ee\/it\/wp-json\/wp\/v2\/product\/29168\/revisions\/29175"}],"wp:featuredmedia":[{"embeddable":true,"href":"https:\/\/naamo.ee\/it\/wp-json\/wp\/v2\/media\/3810"}],"wp:attachment":[{"href":"https:\/\/naamo.ee\/it\/wp-json\/wp\/v2\/media?parent=29168"}],"wp:term":[{"taxonomy":"product_brand","embeddable":true,"href":"https:\/\/naamo.ee\/it\/wp-json\/wp\/v2\/product_brand?post=29168"},{"taxonomy":"product_cat","embeddable":true,"href":"https:\/\/naamo.ee\/it\/wp-json\/wp\/v2\/product_cat?post=29168"},{"taxonomy":"product_tag","embeddable":true,"href":"https:\/\/naamo.ee\/it\/wp-json\/wp\/v2\/product_tag?post=29168"}],"curies":[{"name":"wp","href":"https:\/\/api.w.org\/{rel}","templated":true}]}}