{"id":8459,"date":"2021-10-12T15:51:09","date_gmt":"2021-10-12T15:51:09","guid":{"rendered":"http:\/\/dummy.xtemos.com\/woodmart2\/elementor\/?page_id=4400"},"modified":"2026-02-16T08:24:47","modified_gmt":"2026-02-16T06:24:47","slug":"naamost","status":"publish","type":"page","link":"https:\/\/naamo.ee\/ru\/naamost\/","title":{"rendered":"Naamost"},"content":{"rendered":"<div data-elementor-type=\"wp-page\" data-elementor-id=\"8459\" class=\"elementor elementor-8459\">\n\t\t\t\t<div class=\"wd-negative-gap elementor-element elementor-element-1c90c3f wd-section-stretch e-flex e-con-boxed e-con e-parent\" data-id=\"1c90c3f\" data-element_type=\"container\" data-e-type=\"container\" data-settings=\"{&quot;background_background&quot;:&quot;classic&quot;}\">\n\t\t\t\t\t<div class=\"e-con-inner\">\n\t\t\t\t<div class=\"elementor-element elementor-element-5d57672 elementor-widget__width-initial elementor-widget-tablet__width-inherit wd-width-100 elementor-widget elementor-widget-wd_title\" data-id=\"5d57672\" data-element_type=\"widget\" data-e-type=\"widget\" data-widget_type=\"wd_title.default\">\n\t\t\t\t<div class=\"elementor-widget-container\">\n\t\t\t\t\t\t\t<div class=\"title-wrapper wd-set-mb reset-last-child wd-title-color-primary wd-title-style-default wd-title-size-large text-left\">\n\n\t\t\t\t\t\t\t\t\t\t\t<div class=\"title-subtitle subtitle-color-primary subtitle-style-default wd-fontsize-xs\">\n\t\t\t\t\t\u041d\u0435\u043c\u043d\u043e\u0433\u043e \u043e \u043d\u0430\u0441\t\t\t\t<\/div>\n\t\t\t\n\t\t\t<div class=\"liner-continer\">\n\t\t\t\t<h4 class=\"woodmart-title-container title wd-fontsize-xxl\">\u041d\u0430\u0448\u0438 \u043f\u0440\u043e\u0434\u0443\u043a\u0442\u044b \u043f\u0440\u043e\u0447\u043d\u044b\u0435, \u0434\u043e\u043b\u0433\u043e\u0432\u0435\u0447\u043d\u044b\u0435 \u0438 \u044d\u043a\u043e\u043b\u043e\u0433\u0438\u0447\u0435\u0441\u043a\u0438 \u0447\u0438\u0441\u0442\u044b\u0435.<\/h4> \n\t\t\t\t\t\t\t<\/div>\n\n\t\t\t\t\t<\/div>\n\t\t\t\t\t\t<\/div>\n\t\t\t\t<\/div>\n\t\t\t\t<div class=\"elementor-element elementor-element-9c05225 elementor-widget__width-initial elementor-widget elementor-widget-wd_infobox\" data-id=\"9c05225\" data-element_type=\"widget\" data-e-type=\"widget\" data-widget_type=\"wd_infobox.default\">\n\t\t\t\t<div class=\"elementor-widget-container\">\n\t\t\t\t\t\t\t<div class=\"info-box-wrapper\">\n\t\t\t<div class=\"wd-info-box text-left box-icon-align-top box-style-base color-scheme-\">\n\t\t\t\t\n\t\t\t\t<div class=\"info-box-content\">\n\t\t\t\t\t\n\t\t\t\t\t\t\t\t\t\t\t<h4\t\t\t\t\t\tclass=\"info-box-title title box-title-style-default wd-fontsize-m\" data-elementor-setting-key=\"title\">\n\t\t\t\t\t\t\t\t\u041c\u044b \u043b\u0435\u0447\u0438\u043c \u0442\u043e, \u0447\u0442\u043e \u0434\u0435\u043b\u0430\u0435\u043c\t\t\t\t\t\t<\/h4>\n\t\t\t\t\t\n\t\t\t\t\t<div class=\"info-box-inner reset-last-child\"data-elementor-setting-key=\"content\"><p>\u0412\u0435\u0441\u044c \u043d\u0430\u0448 \u0430\u0441\u0441\u043e\u0440\u0442\u0438\u043c\u0435\u043d\u0442 \u043f\u0440\u043e\u0434\u0443\u043a\u0446\u0438\u0438 \u0440\u0430\u0437\u0440\u0430\u0431\u043e\u0442\u0430\u043d \u0438 \u043f\u0440\u043e\u0438\u0437\u0432\u0435\u0434\u0435\u043d \u0442\u0430\u043a, \u043a\u0430\u043a \u043c\u044b \u0445\u043e\u0442\u0435\u043b\u0438 \u0431\u044b, \u0447\u0442\u043e\u0431\u044b \u043e\u043d \u0431\u044b\u043b.<\/p>\n<\/div>\n\n\t\t\t\t\t\t\t\t\t<\/div>\n\n\t\t\t\t\t\t\t\t\t<a href=\"#\" class=\"wd-info-box-link wd-fill\" aria-label=\"\u0421\u0441\u044b\u043b\u043a\u0430 \u043d\u0430 \u0438\u043d\u0444\u043e\u0431\u043e\u043a\u0441\"><\/a>\n\t\t\t\t\t\t\t<\/div>\n\t\t<\/div>\n\t\t\t\t\t\t<\/div>\n\t\t\t\t<\/div>\n\t\t\t\t<div class=\"elementor-element elementor-element-ec30bde elementor-widget__width-initial elementor-widget elementor-widget-wd_infobox\" data-id=\"ec30bde\" data-element_type=\"widget\" data-e-type=\"widget\" data-widget_type=\"wd_infobox.default\">\n\t\t\t\t<div class=\"elementor-widget-container\">\n\t\t\t\t\t\t\t<div class=\"info-box-wrapper\">\n\t\t\t<div class=\"wd-info-box text-left box-icon-align-top box-style-base color-scheme-\">\n\t\t\t\t\n\t\t\t\t<div class=\"info-box-content\">\n\t\t\t\t\t\n\t\t\t\t\t\t\t\t\t\t\t<h4\t\t\t\t\t\tclass=\"info-box-title title box-title-style-default wd-fontsize-m\" data-elementor-setting-key=\"title\">\n\t\t\t\t\t\t\t\t\u041d\u0430\u0448 \u0440\u0430\u0431\u043e\u0447\u0438\u0439 \u043f\u0440\u043e\u0446\u0435\u0441\u0441\t\t\t\t\t\t<\/h4>\n\t\t\t\t\t\n\t\t\t\t\t<div class=\"info-box-inner reset-last-child\"data-elementor-setting-key=\"content\"><p>\u0412\u0441\u0435 \u043d\u0430\u0448\u0438 \u043f\u0440\u043e\u0434\u0443\u043a\u0442\u044b \u043e\u0440\u0438\u0435\u043d\u0442\u0438\u0440\u043e\u0432\u0430\u043d\u044b \u043d\u0430 \u043a\u043b\u0438\u0435\u043d\u0442\u0430, \u043a\u0430\u043a \u0432 \u043e\u0442\u043d\u043e\u0448\u0435\u043d\u0438\u0438 \u043c\u0435\u0442\u0430\u043b\u043b\u0430, \u0442\u0430\u043a \u0438 \u0432 \u043e\u0442\u043d\u043e\u0448\u0435\u043d\u0438\u0438 \u0441\u0442\u043e\u043b\u0435\u0448\u043d\u0438\u0446\u044b, \u0432\u044b\u0431\u043e\u0440 \u0446\u0432\u0435\u0442\u043e\u0432 \u0432 \u043f\u0440\u0438\u043d\u0446\u0438\u043f\u0435 \u043d\u0435\u043e\u0433\u0440\u0430\u043d\u0438\u0447\u0435\u043d.<\/p>\n<\/div>\n\n\t\t\t\t\t\t\t\t\t<\/div>\n\n\t\t\t\t\t\t\t\t\t<a href=\"#\" class=\"wd-info-box-link wd-fill\" aria-label=\"\u0421\u0441\u044b\u043b\u043a\u0430 \u043d\u0430 \u0438\u043d\u0444\u043e\u0431\u043e\u043a\u0441\"><\/a>\n\t\t\t\t\t\t\t<\/div>\n\t\t<\/div>\n\t\t\t\t\t\t<\/div>\n\t\t\t\t<\/div>\n\t\t\t\t\t<\/div>\n\t\t\t\t<\/div>\n\t\t<div class=\"wd-negative-gap elementor-element elementor-element-7c7c544 e-flex e-con-boxed e-con e-parent\" data-id=\"7c7c544\" data-element_type=\"container\" data-e-type=\"container\">\n\t\t\t\t\t<div class=\"e-con-inner\">\n\t\t<div class=\"elementor-element elementor-element-e7cb5cd e-con-full e-flex e-con e-child\" data-id=\"e7cb5cd\" data-element_type=\"container\" data-e-type=\"container\">\n\t\t\t\t<div class=\"elementor-element elementor-element-56aec39 elementor-widget elementor-widget-wd_image_or_svg\" data-id=\"56aec39\" data-element_type=\"widget\" data-e-type=\"widget\" data-widget_type=\"wd_image_or_svg.default\">\n\t\t\t\t<div class=\"elementor-widget-container\">\n\t\t\t\t\t\n\t\t<div class=\"wd-image text-left\">\n\t\t\t\t\t\t\t\t<img loading=\"lazy\" decoding=\"async\" width=\"1920\" height=\"1280\" src=\"https:\/\/naamo.ee\/wp-content\/uploads\/2025\/10\/DSC05864-2.jpg\" class=\"attachment-full size-full\" alt=\"\" srcset=\"https:\/\/naamo.ee\/wp-content\/uploads\/2025\/10\/DSC05864-2.jpg 1920w, https:\/\/naamo.ee\/wp-content\/uploads\/2025\/10\/DSC05864-2-600x400.jpg 600w, https:\/\/naamo.ee\/wp-content\/uploads\/2025\/10\/DSC05864-2-300x200.jpg 300w, https:\/\/naamo.ee\/wp-content\/uploads\/2025\/10\/DSC05864-2-1024x683.jpg 1024w, https:\/\/naamo.ee\/wp-content\/uploads\/2025\/10\/DSC05864-2-768x512.jpg 768w, https:\/\/naamo.ee\/wp-content\/uploads\/2025\/10\/DSC05864-2-1536x1024.jpg 1536w\" sizes=\"auto, (max-width: 1920px) 100vw, 1920px\" \/>\t\t\t\t\t<\/div>\n\n\t\t\t\t\t\t<\/div>\n\t\t\t\t<\/div>\n\t\t\t\t<div class=\"elementor-element elementor-element-3631e9d elementor-widget elementor-widget-wd_image_or_svg\" data-id=\"3631e9d\" data-element_type=\"widget\" data-e-type=\"widget\" data-widget_type=\"wd_image_or_svg.default\">\n\t\t\t\t<div class=\"elementor-widget-container\">\n\t\t\t\t\t\n\t\t<div class=\"wd-image text-left\">\n\t\t\t\t\t\t\t\t<img loading=\"lazy\" decoding=\"async\" width=\"1920\" height=\"1280\" src=\"https:\/\/naamo.ee\/wp-content\/uploads\/2025\/10\/DSC05857-3.jpg\" class=\"attachment-full size-full\" alt=\"Aialaud Naamo SnackTable Wide\" srcset=\"https:\/\/naamo.ee\/wp-content\/uploads\/2025\/10\/DSC05857-3.jpg 1920w, https:\/\/naamo.ee\/wp-content\/uploads\/2025\/10\/DSC05857-3-600x400.jpg 600w, https:\/\/naamo.ee\/wp-content\/uploads\/2025\/10\/DSC05857-3-300x200.jpg 300w, https:\/\/naamo.ee\/wp-content\/uploads\/2025\/10\/DSC05857-3-1024x683.jpg 1024w, https:\/\/naamo.ee\/wp-content\/uploads\/2025\/10\/DSC05857-3-768x512.jpg 768w, https:\/\/naamo.ee\/wp-content\/uploads\/2025\/10\/DSC05857-3-1536x1024.jpg 1536w\" sizes=\"auto, (max-width: 1920px) 100vw, 1920px\" \/>\t\t\t\t\t<\/div>\n\n\t\t\t\t\t\t<\/div>\n\t\t\t\t<\/div>\n\t\t\t\t<\/div>\n\t\t<div class=\"elementor-element elementor-element-97d6084 e-con-full e-flex e-con e-child\" data-id=\"97d6084\" data-element_type=\"container\" data-e-type=\"container\">\n\t\t\t\t<div class=\"elementor-element elementor-element-98d830b wd-width-100 elementor-widget elementor-widget-wd_title\" data-id=\"98d830b\" data-element_type=\"widget\" data-e-type=\"widget\" data-widget_type=\"wd_title.default\">\n\t\t\t\t<div class=\"elementor-widget-container\">\n\t\t\t\t\t\t\t<div class=\"title-wrapper wd-set-mb reset-last-child wd-title-color-primary wd-title-style-default wd-title-size-large text-left\">\n\n\t\t\t\n\t\t\t<div class=\"liner-continer\">\n\t\t\t\t<h4 class=\"woodmart-title-container title wd-fontsize-xxl\">\u041d\u0435\u043c\u043d\u043e\u0433\u043e \u043e \u043d\u0430\u0441<\/h4> \n\t\t\t\t\t\t\t<\/div>\n\n\t\t\t\t\t<\/div>\n\t\t\t\t\t\t<\/div>\n\t\t\t\t<\/div>\n\t\t\t\t<div class=\"elementor-element elementor-element-66e47ad elementor-widget elementor-widget-wd_text_block\" data-id=\"66e47ad\" data-element_type=\"widget\" data-e-type=\"widget\" data-widget_type=\"wd_text_block.default\">\n\t\t\t\t<div class=\"elementor-widget-container\">\n\t\t\t\t\t\t\t<div class=\"wd-text-block reset-last-child text-left\">\n\t\t\t\n\t\t\t<p data-start=\"208\" data-end=\"473\">\u041c\u0435\u0431\u0435\u043b\u044c \u0434\u043b\u044f \u0442\u0435\u0440\u0440\u0430\u0441 \u0438 \u0443\u043b\u0438\u0446 Naamo \u0441\u043e\u0437\u0434\u0430\u043d\u0430, \u0447\u0442\u043e\u0431\u044b \u0441\u043b\u0443\u0436\u0438\u0442\u044c \u0434\u043e\u043b\u0433\u043e. \u041d\u0430\u0448\u0438 \u043f\u0440\u043e\u0434\u0443\u043a\u0442\u044b \u0432\u044b\u0434\u0435\u0440\u0436\u0438\u0432\u0430\u044e\u0442 \u043a\u0430\u043a \u0441\u0435\u0432\u0435\u0440\u043d\u044b\u0435 \u043c\u043e\u0440\u043e\u0437\u044b, \u0442\u0430\u043a \u0438 \u0436\u0430\u0440\u043a\u043e\u0435 \u043b\u0435\u0442\u043d\u0435\u0435 \u0441\u043e\u043b\u043d\u0446\u0435, \u0434\u043e\u0436\u0434\u044c \u0438 \u0441\u043d\u0435\u0433. \u041c\u044b \u043f\u0440\u043e\u0438\u0437\u0432\u043e\u0434\u0438\u043c \u043c\u0435\u0431\u0435\u043b\u044c, \u043a\u043e\u0442\u043e\u0440\u0430\u044f \u043d\u0435 \u0438\u0437\u043d\u0430\u0448\u0438\u0432\u0430\u0435\u0442\u0441\u044f \u0438 \u043d\u0435 \u0434\u0435\u0444\u043e\u0440\u043c\u0438\u0440\u0443\u0435\u0442\u0441\u044f \u2013 \u0434\u0430\u0436\u0435 \u0447\u0435\u0440\u0435\u0437 15 \u043b\u0435\u0442 \u043e\u043d\u0430 \u0431\u0443\u0434\u0435\u0442 \u0432\u044b\u0433\u043b\u044f\u0434\u0435\u0442\u044c \u0442\u0430\u043a \u0436\u0435 \u0445\u043e\u0440\u043e\u0448\u043e, \u043a\u0430\u043a \u0438 \u0441\u0435\u0433\u043e\u0434\u043d\u044f.<\/p><p data-start=\"475\" data-end=\"754\">\u041c\u0435\u0431\u0435\u043b\u044c Naamo \u0441\u043e\u043e\u0442\u0432\u0435\u0442\u0441\u0442\u0432\u0443\u0435\u0442 \u0441\u0430\u043c\u043e\u043c\u0443 \u0432\u044b\u0441\u043e\u043a\u043e\u043c\u0443 \u044d\u043a\u043e\u043b\u043e\u0433\u0438\u0447\u0435\u0441\u043a\u043e\u043c\u0443 \u043a\u043b\u0430\u0441\u0441\u0443 C5, \u0430 \u044d\u0442\u043e \u0437\u043d\u0430\u0447\u0438\u0442, \u0447\u0442\u043e \u0432\u044b \u043c\u043e\u0436\u0435\u0442\u0435 \u0437\u0430\u0431\u044b\u0442\u044c \u043e \u0440\u0436\u0430\u0432\u0447\u0438\u043d\u0435, \u0432\u044b\u0446\u0432\u0435\u0442\u0430\u043d\u0438\u0438 \u0438\u043b\u0438 \u0440\u0430\u0441\u0442\u0440\u0435\u0441\u043a\u0438\u0432\u0430\u043d\u0438\u0438. \u0414\u043b\u044f \u043d\u0430\u0441 \u0432\u0430\u0436\u043d\u0430 \u044d\u043a\u043e\u043b\u043e\u0433\u0438\u044f: \u043a\u0430\u0436\u0434\u044b\u0439 \u043f\u0440\u0435\u0434\u043c\u0435\u0442 \u0441\u043e\u0437\u0434\u0430\u043d \u0441 \u043c\u0438\u043d\u0438\u043c\u0430\u043b\u044c\u043d\u044b\u043c \u044d\u043a\u043e\u043b\u043e\u0433\u0438\u0447\u0435\u0441\u043a\u0438\u043c \u0441\u043b\u0435\u0434\u043e\u043c \u0438 \u0441\u043b\u0443\u0436\u0438\u0442 \u0434\u043e\u043b\u0433\u043e, \u0431\u0435\u0437 \u043d\u0435\u043e\u0431\u0445\u043e\u0434\u0438\u043c\u043e\u0441\u0442\u0438 \u0447\u0430\u0441\u0442\u043e\u0439 \u0437\u0430\u043c\u0435\u043d\u044b.<\/p><p data-start=\"756\" data-end=\"1045\">\u0425\u043e\u0442\u0438\u0442\u0435 \u0447\u0442\u043e-\u0442\u043e \u0443\u043d\u0438\u043a\u0430\u043b\u044c\u043d\u043e\u0435?<br data-start=\"782\" data-end=\"785\" \/>\u0412\u044b\u0431\u0435\u0440\u0438\u0442\u0435 \u043f\u043e\u0434\u0445\u043e\u0434\u044f\u0449\u0438\u0439 \u0432\u0430\u043c \u0446\u0432\u0435\u0442 - \u0432 \u043d\u0430\u0441\u0442\u043e\u044f\u0449\u0435\u0435 \u0432\u0440\u0435\u043c\u044f \u043c\u044b \u043f\u0440\u0435\u0434\u043b\u0430\u0433\u0430\u0435\u043c \u0441\u043b\u0435\u0434\u0443\u044e\u0449\u0438\u0435 \u0432\u0430\u0440\u0438\u0430\u043d\u0442\u044b <strong>5 \u0446\u0432\u0435\u0442\u043e\u0432 RAL <\/strong>(\u0434\u043e\u0441\u0442\u0443\u043f\u043d\u044b \u0434\u043b\u044f \u0432\u0441\u0435\u0433\u043e \u043a\u0430\u0442\u0430\u043b\u043e\u0433\u0430), \u0438\u0437 \u043a\u043e\u0442\u043e\u0440\u044b\u0445 \u0432\u044b \u043c\u043e\u0436\u0435\u0442\u0435 \u0432\u044b\u0431\u0440\u0430\u0442\u044c \u043d\u0430\u0438\u0431\u043e\u043b\u0435\u0435 \u043f\u043e\u0434\u0445\u043e\u0434\u044f\u0449\u0443\u044e \u0432\u0430\u043c \u0446\u0432\u0435\u0442\u043e\u0432\u0443\u044e \u0433\u0430\u043c\u043c\u0443. \u041a\u043e\u043c\u0431\u0438\u043d\u0438\u0440\u0443\u0439\u0442\u0435 \u0431\u043e\u043a\u043e\u0432\u044b\u0435 \u0438 \u0432\u0435\u0440\u0445\u043d\u0438\u0435 \u0447\u0430\u0441\u0442\u0438 \u043c\u0435\u0431\u0435\u043b\u0438 \u043f\u043e \u0441\u0432\u043e\u0435\u043c\u0443 \u0432\u043a\u0443\u0441\u0443 \u0438 \u0441\u043e\u0437\u0434\u0430\u0439\u0442\u0435 \u0438\u0434\u0435\u0430\u043b\u044c\u043d\u043e\u0435 \u0440\u0435\u0448\u0435\u043d\u0438\u0435 \u0434\u043b\u044f \u0442\u0435\u0440\u0440\u0430\u0441\u044b \u0438\u043b\u0438 \u043e\u0431\u0449\u0435\u0441\u0442\u0432\u0435\u043d\u043d\u043e\u0433\u043e \u043c\u0435\u0441\u0442\u0430.<\/p><p data-start=\"1047\" data-end=\"1182\">\u0414\u043e\u0441\u0442\u0443\u043f\u043d\u043e \u043a\u0430\u043a \u0434\u043b\u044f \u0447\u0430\u0441\u0442\u043d\u044b\u0445 \u043f\u043e\u0442\u0440\u0435\u0431\u0438\u0442\u0435\u043b\u0435\u0439, \u0442\u0430\u043a \u0438 \u0434\u043b\u044f \u043e\u0431\u0449\u0435\u0441\u0442\u0432\u0435\u043d\u043d\u044b\u0445 \u043f\u043e\u043c\u0435\u0449\u0435\u043d\u0438\u0439 \u2013 \u0437\u0430\u043a\u0430\u0437\u044b\u0432\u0430\u0439\u0442\u0435 \u043e\u0442\u0434\u0435\u043b\u044c\u043d\u044b\u0435 \u0438\u0437\u0434\u0435\u043b\u0438\u044f \u0438\u043b\u0438 \u0431\u043e\u043b\u044c\u0448\u0438\u0435 \u043f\u0430\u0440\u0442\u0438\u0438. \u041f\u0440\u0438 \u043d\u0435\u043e\u0431\u0445\u043e\u0434\u0438\u043c\u043e\u0441\u0442\u0438 \u043c\u044b \u0442\u0430\u043a\u0436\u0435 \u043f\u043e\u043c\u043e\u0436\u0435\u043c \u0441 \u0443\u0441\u0442\u0430\u043d\u043e\u0432\u043a\u043e\u0439.<\/p><p data-start=\"1184\" data-end=\"1275\"><strong data-start=\"1184\" data-end=\"1275\">Naamo \u2013 \u043a\u043e\u043c\u0444\u043e\u0440\u0442, \u043a\u043e\u0442\u043e\u0440\u044b\u0439 \u0434\u043b\u0438\u0442\u0441\u044f. \u0421\u0432\u044f\u0436\u0438\u0442\u0435\u0441\u044c \u0441 \u043d\u0430\u043c\u0438, \u0438 \u043c\u044b \u0432\u043c\u0435\u0441\u0442\u0435 \u0441\u043e\u0437\u0434\u0430\u0434\u0438\u043c \u0447\u0442\u043e-\u0442\u043e \u0434\u0435\u0439\u0441\u0442\u0432\u0438\u0442\u0435\u043b\u044c\u043d\u043e \u043f\u0440\u043e\u0447\u043d\u043e\u0435!<\/strong><\/p>\n\t\t\t\t\t<\/div>\n\t\t\t\t\t\t<\/div>\n\t\t\t\t<\/div>\n\t\t\t\t<\/div>\n\t\t\t\t\t<\/div>\n\t\t\t\t<\/div>\n\t\t\t\t<\/div>","protected":false},"excerpt":{"rendered":"<p>M\u00d5NE S\u00d5NAGA NATUKENE MEIST Meie tooted on tugevad, vastupidavad ja keskkonnas\u00f5bralikud. Me arstame seda, mida me teeme Kogu meie tootevalik<\/p>","protected":false},"author":1,"featured_media":0,"parent":0,"menu_order":0,"comment_status":"closed","ping_status":"closed","template":"","meta":{"footnotes":""},"class_list":["post-8459","page","type-page","status-publish","hentry"],"_links":{"self":[{"href":"https:\/\/naamo.ee\/ru\/wp-json\/wp\/v2\/pages\/8459","targetHints":{"allow":["GET"]}}],"collection":[{"href":"https:\/\/naamo.ee\/ru\/wp-json\/wp\/v2\/pages"}],"about":[{"href":"https:\/\/naamo.ee\/ru\/wp-json\/wp\/v2\/types\/page"}],"author":[{"embeddable":true,"href":"https:\/\/naamo.ee\/ru\/wp-json\/wp\/v2\/users\/1"}],"replies":[{"embeddable":true,"href":"https:\/\/naamo.ee\/ru\/wp-json\/wp\/v2\/comments?post=8459"}],"version-history":[{"count":5,"href":"https:\/\/naamo.ee\/ru\/wp-json\/wp\/v2\/pages\/8459\/revisions"}],"predecessor-version":[{"id":29713,"href":"https:\/\/naamo.ee\/ru\/wp-json\/wp\/v2\/pages\/8459\/revisions\/29713"}],"wp:attachment":[{"href":"https:\/\/naamo.ee\/ru\/wp-json\/wp\/v2\/media?parent=8459"}],"curies":[{"name":"wp","href":"https:\/\/api.w.org\/{rel}","templated":true}]}}