{"id":8459,"date":"2021-10-12T15:51:09","date_gmt":"2021-10-12T15:51:09","guid":{"rendered":"http:\/\/dummy.xtemos.com\/woodmart2\/elementor\/?page_id=4400"},"modified":"2026-02-16T08:24:47","modified_gmt":"2026-02-16T06:24:47","slug":"naamost","status":"publish","type":"page","link":"https:\/\/naamo.ee\/sv\/naamost\/","title":{"rendered":"Naamost"},"content":{"rendered":"<div data-elementor-type=\"wp-page\" data-elementor-id=\"8459\" class=\"elementor elementor-8459\">\n\t\t\t\t<div class=\"wd-negative-gap elementor-element elementor-element-1c90c3f wd-section-stretch e-flex e-con-boxed e-con e-parent\" data-id=\"1c90c3f\" data-element_type=\"container\" data-e-type=\"container\" data-settings=\"{&quot;background_background&quot;:&quot;classic&quot;}\">\n\t\t\t\t\t<div class=\"e-con-inner\">\n\t\t\t\t<div class=\"elementor-element elementor-element-5d57672 elementor-widget__width-initial elementor-widget-tablet__width-inherit wd-width-100 elementor-widget elementor-widget-wd_title\" data-id=\"5d57672\" data-element_type=\"widget\" data-e-type=\"widget\" data-widget_type=\"wd_title.default\">\n\t\t\t\t<div class=\"elementor-widget-container\">\n\t\t\t\t\t\t\t<div class=\"title-wrapper wd-set-mb reset-last-child wd-title-color-primary wd-title-style-default wd-title-size-large text-left\">\n\n\t\t\t\t\t\t\t\t\t\t\t<div class=\"title-subtitle subtitle-color-primary subtitle-style-default wd-fontsize-xs\">\n\t\t\t\t\tN\u00c5GRA ORD OM OSS\t\t\t\t<\/div>\n\t\t\t\n\t\t\t<div class=\"liner-continer\">\n\t\t\t\t<h4 class=\"woodmart-title-container title wd-fontsize-xxl\">V\u00e5ra produkter \u00e4r starka, h\u00e5llbara och milj\u00f6v\u00e4nliga.<\/h4> \n\t\t\t\t\t\t\t<\/div>\n\n\t\t\t\t\t<\/div>\n\t\t\t\t\t\t<\/div>\n\t\t\t\t<\/div>\n\t\t\t\t<div class=\"elementor-element elementor-element-9c05225 elementor-widget__width-initial elementor-widget elementor-widget-wd_infobox\" data-id=\"9c05225\" data-element_type=\"widget\" data-e-type=\"widget\" data-widget_type=\"wd_infobox.default\">\n\t\t\t\t<div class=\"elementor-widget-container\">\n\t\t\t\t\t\t\t<div class=\"info-box-wrapper\">\n\t\t\t<div class=\"wd-info-box text-left box-icon-align-top box-style-base color-scheme-\">\n\t\t\t\t\n\t\t\t\t<div class=\"info-box-content\">\n\t\t\t\t\t\n\t\t\t\t\t\t\t\t\t\t\t<h4\t\t\t\t\t\tclass=\"info-box-title title box-title-style-default wd-fontsize-m\" data-elementor-setting-key=\"title\">\n\t\t\t\t\t\t\t\tVi l\u00e4ker det vi g\u00f6r\t\t\t\t\t\t<\/h4>\n\t\t\t\t\t\n\t\t\t\t\t<div class=\"info-box-inner reset-last-child\"data-elementor-setting-key=\"content\"><p>Hela v\u00e5rt produktsortiment \u00e4r designat och tillverkat precis som vi vill ha det.<\/p>\n<\/div>\n\n\t\t\t\t\t\t\t\t\t<\/div>\n\n\t\t\t\t\t\t\t\t\t<a href=\"#\" class=\"wd-info-box-link wd-fill\" aria-label=\"Infobox link\"><\/a>\n\t\t\t\t\t\t\t<\/div>\n\t\t<\/div>\n\t\t\t\t\t\t<\/div>\n\t\t\t\t<\/div>\n\t\t\t\t<div class=\"elementor-element elementor-element-ec30bde elementor-widget__width-initial elementor-widget elementor-widget-wd_infobox\" data-id=\"ec30bde\" data-element_type=\"widget\" data-e-type=\"widget\" data-widget_type=\"wd_infobox.default\">\n\t\t\t\t<div class=\"elementor-widget-container\">\n\t\t\t\t\t\t\t<div class=\"info-box-wrapper\">\n\t\t\t<div class=\"wd-info-box text-left box-icon-align-top box-style-base color-scheme-\">\n\t\t\t\t\n\t\t\t\t<div class=\"info-box-content\">\n\t\t\t\t\t\n\t\t\t\t\t\t\t\t\t\t\t<h4\t\t\t\t\t\tclass=\"info-box-title title box-title-style-default wd-fontsize-m\" data-elementor-setting-key=\"title\">\n\t\t\t\t\t\t\t\tV\u00e5r arbetsprocess\t\t\t\t\t\t<\/h4>\n\t\t\t\t\t\n\t\t\t\t\t<div class=\"info-box-inner reset-last-child\"data-elementor-setting-key=\"content\"><p>Alla v\u00e5ra produkter \u00e4r kundorienterade, b\u00e5de n\u00e4r det g\u00e4ller metall och tr\u00e4, och valet av f\u00e4rger \u00e4r i princip obegr\u00e4nsat.<\/p>\n<\/div>\n\n\t\t\t\t\t\t\t\t\t<\/div>\n\n\t\t\t\t\t\t\t\t\t<a href=\"#\" class=\"wd-info-box-link wd-fill\" aria-label=\"Infobox link\"><\/a>\n\t\t\t\t\t\t\t<\/div>\n\t\t<\/div>\n\t\t\t\t\t\t<\/div>\n\t\t\t\t<\/div>\n\t\t\t\t\t<\/div>\n\t\t\t\t<\/div>\n\t\t<div class=\"wd-negative-gap elementor-element elementor-element-7c7c544 e-flex e-con-boxed e-con e-parent\" data-id=\"7c7c544\" data-element_type=\"container\" data-e-type=\"container\">\n\t\t\t\t\t<div class=\"e-con-inner\">\n\t\t<div class=\"elementor-element elementor-element-e7cb5cd e-con-full e-flex e-con e-child\" data-id=\"e7cb5cd\" data-element_type=\"container\" data-e-type=\"container\">\n\t\t\t\t<div class=\"elementor-element elementor-element-56aec39 elementor-widget elementor-widget-wd_image_or_svg\" data-id=\"56aec39\" data-element_type=\"widget\" data-e-type=\"widget\" data-widget_type=\"wd_image_or_svg.default\">\n\t\t\t\t<div class=\"elementor-widget-container\">\n\t\t\t\t\t\n\t\t<div class=\"wd-image text-left\">\n\t\t\t\t\t\t\t\t<img loading=\"lazy\" decoding=\"async\" width=\"1920\" height=\"1280\" src=\"https:\/\/naamo.ee\/wp-content\/uploads\/2025\/10\/DSC05864-2.jpg\" class=\"attachment-full size-full\" alt=\"\" srcset=\"https:\/\/naamo.ee\/wp-content\/uploads\/2025\/10\/DSC05864-2.jpg 1920w, https:\/\/naamo.ee\/wp-content\/uploads\/2025\/10\/DSC05864-2-600x400.jpg 600w, https:\/\/naamo.ee\/wp-content\/uploads\/2025\/10\/DSC05864-2-300x200.jpg 300w, https:\/\/naamo.ee\/wp-content\/uploads\/2025\/10\/DSC05864-2-1024x683.jpg 1024w, https:\/\/naamo.ee\/wp-content\/uploads\/2025\/10\/DSC05864-2-768x512.jpg 768w, https:\/\/naamo.ee\/wp-content\/uploads\/2025\/10\/DSC05864-2-1536x1024.jpg 1536w\" sizes=\"auto, (max-width: 1920px) 100vw, 1920px\" \/>\t\t\t\t\t<\/div>\n\n\t\t\t\t\t\t<\/div>\n\t\t\t\t<\/div>\n\t\t\t\t<div class=\"elementor-element elementor-element-3631e9d elementor-widget elementor-widget-wd_image_or_svg\" data-id=\"3631e9d\" data-element_type=\"widget\" data-e-type=\"widget\" data-widget_type=\"wd_image_or_svg.default\">\n\t\t\t\t<div class=\"elementor-widget-container\">\n\t\t\t\t\t\n\t\t<div class=\"wd-image text-left\">\n\t\t\t\t\t\t\t\t<img loading=\"lazy\" decoding=\"async\" width=\"1920\" height=\"1280\" src=\"https:\/\/naamo.ee\/wp-content\/uploads\/2025\/10\/DSC05857-3.jpg\" class=\"attachment-full size-full\" alt=\"Aialaud Naamo SnackTable Wide\" srcset=\"https:\/\/naamo.ee\/wp-content\/uploads\/2025\/10\/DSC05857-3.jpg 1920w, https:\/\/naamo.ee\/wp-content\/uploads\/2025\/10\/DSC05857-3-600x400.jpg 600w, https:\/\/naamo.ee\/wp-content\/uploads\/2025\/10\/DSC05857-3-300x200.jpg 300w, https:\/\/naamo.ee\/wp-content\/uploads\/2025\/10\/DSC05857-3-1024x683.jpg 1024w, https:\/\/naamo.ee\/wp-content\/uploads\/2025\/10\/DSC05857-3-768x512.jpg 768w, https:\/\/naamo.ee\/wp-content\/uploads\/2025\/10\/DSC05857-3-1536x1024.jpg 1536w\" sizes=\"auto, (max-width: 1920px) 100vw, 1920px\" \/>\t\t\t\t\t<\/div>\n\n\t\t\t\t\t\t<\/div>\n\t\t\t\t<\/div>\n\t\t\t\t<\/div>\n\t\t<div class=\"elementor-element elementor-element-97d6084 e-con-full e-flex e-con e-child\" data-id=\"97d6084\" data-element_type=\"container\" data-e-type=\"container\">\n\t\t\t\t<div class=\"elementor-element elementor-element-98d830b wd-width-100 elementor-widget elementor-widget-wd_title\" data-id=\"98d830b\" data-element_type=\"widget\" data-e-type=\"widget\" data-widget_type=\"wd_title.default\">\n\t\t\t\t<div class=\"elementor-widget-container\">\n\t\t\t\t\t\t\t<div class=\"title-wrapper wd-set-mb reset-last-child wd-title-color-primary wd-title-style-default wd-title-size-large text-left\">\n\n\t\t\t\n\t\t\t<div class=\"liner-continer\">\n\t\t\t\t<h4 class=\"woodmart-title-container title wd-fontsize-xxl\">Lite om oss<\/h4> \n\t\t\t\t\t\t\t<\/div>\n\n\t\t\t\t\t<\/div>\n\t\t\t\t\t\t<\/div>\n\t\t\t\t<\/div>\n\t\t\t\t<div class=\"elementor-element elementor-element-66e47ad elementor-widget elementor-widget-wd_text_block\" data-id=\"66e47ad\" data-element_type=\"widget\" data-e-type=\"widget\" data-widget_type=\"wd_text_block.default\">\n\t\t\t\t<div class=\"elementor-widget-container\">\n\t\t\t\t\t\t\t<div class=\"wd-text-block reset-last-child text-left\">\n\t\t\t\n\t\t\t<p data-start=\"208\" data-end=\"473\">Naamo:s terrass- och gatum\u00f6bler \u00e4r byggda f\u00f6r att h\u00e5lla. V\u00e5ra konstruktioner t\u00e5l den h\u00e5rda nordiska vintern, den heta sommarsolen, regn och sn\u00f6. Vi tillverkar m\u00f6bler som inte slits ut eller f\u00f6rlorar sin form \u2013 \u00e4ven efter 15 \u00e5r ser de lika bra ut som idag.<\/p><p data-start=\"475\" data-end=\"754\">Naamo-m\u00f6bler uppfyller den h\u00f6gsta milj\u00f6kravsklassen C5 \u2013 det betyder att du kan gl\u00f6mma rost, blekning eller sprickbildning. Milj\u00f6n \u00e4r viktig f\u00f6r oss: varje produkt tillverkas med ett litet ekologiskt fotavtryck och h\u00e5ller l\u00e4nge utan att beh\u00f6va bytas ut ofta.<\/p><p data-start=\"756\" data-end=\"1045\">Vill du ha n\u00e5got unikt?<br data-start=\"782\" data-end=\"785\" \/>V\u00e4lj den f\u00e4rg som passar dig - vi har f\u00f6r n\u00e4rvarande f\u00f6ljande tillg\u00e4ngliga <strong>5 RAL-f\u00e4rger <\/strong>(finns f\u00f6r hela katalogen), d\u00e4r du kan v\u00e4lja det f\u00e4rgschema som passar dig b\u00e4st. Kombinera sidorna och topparna p\u00e5 m\u00f6blerna efter din smak och skapa den perfekta l\u00f6sningen f\u00f6r din terrass eller ditt offentliga utrymme.<\/p><p data-start=\"1047\" data-end=\"1182\">Tillg\u00e4ngligt f\u00f6r b\u00e5de privata konsumenter och offentliga utrymmen \u2013 best\u00e4ll enskilda produkter eller st\u00f6rre kvantiteter. Vi kan \u00e4ven hj\u00e4lpa till med installationen om det beh\u00f6vs.<\/p><p data-start=\"1184\" data-end=\"1275\"><strong data-start=\"1184\" data-end=\"1275\">Naamo \u2013 komfort som varar. Kontakta oss s\u00e5 skapar vi n\u00e5got riktigt h\u00e5llbart tillsammans!<\/strong><\/p>\n\t\t\t\t\t<\/div>\n\t\t\t\t\t\t<\/div>\n\t\t\t\t<\/div>\n\t\t\t\t<\/div>\n\t\t\t\t\t<\/div>\n\t\t\t\t<\/div>\n\t\t\t\t<\/div>","protected":false},"excerpt":{"rendered":"<p>M\u00d5NE S\u00d5NAGA NATUKENE MEIST Meie tooted on tugevad, vastupidavad ja keskkonnas\u00f5bralikud. Me arstame seda, mida me teeme Kogu meie tootevalik<\/p>","protected":false},"author":1,"featured_media":0,"parent":0,"menu_order":0,"comment_status":"closed","ping_status":"closed","template":"","meta":{"footnotes":""},"class_list":["post-8459","page","type-page","status-publish","hentry"],"_links":{"self":[{"href":"https:\/\/naamo.ee\/sv\/wp-json\/wp\/v2\/pages\/8459","targetHints":{"allow":["GET"]}}],"collection":[{"href":"https:\/\/naamo.ee\/sv\/wp-json\/wp\/v2\/pages"}],"about":[{"href":"https:\/\/naamo.ee\/sv\/wp-json\/wp\/v2\/types\/page"}],"author":[{"embeddable":true,"href":"https:\/\/naamo.ee\/sv\/wp-json\/wp\/v2\/users\/1"}],"replies":[{"embeddable":true,"href":"https:\/\/naamo.ee\/sv\/wp-json\/wp\/v2\/comments?post=8459"}],"version-history":[{"count":5,"href":"https:\/\/naamo.ee\/sv\/wp-json\/wp\/v2\/pages\/8459\/revisions"}],"predecessor-version":[{"id":29713,"href":"https:\/\/naamo.ee\/sv\/wp-json\/wp\/v2\/pages\/8459\/revisions\/29713"}],"wp:attachment":[{"href":"https:\/\/naamo.ee\/sv\/wp-json\/wp\/v2\/media?parent=8459"}],"curies":[{"name":"wp","href":"https:\/\/api.w.org\/{rel}","templated":true}]}}