{"id":29126,"date":"2025-11-17T18:04:57","date_gmt":"2025-11-17T18:04:57","guid":{"rendered":"https:\/\/naamo.ee\/?post_type=product&#038;p=29126"},"modified":"2026-02-06T12:22:29","modified_gmt":"2026-02-06T10:22:29","slug":"lamamistool-naamo-nap-duo","status":"publish","type":"product","link":"https:\/\/naamo.ee\/sv\/produkt\/lamamistool-naamo-nap-duo\/","title":{"rendered":"Liggstol Naamo Nap Duo"},"content":{"rendered":"","protected":false},"excerpt":{"rendered":"<h2>Det \u00e4r alltid roligare att koppla av tillsammans.<\/h2>\n<p data-start=\"820\" data-end=\"1218\">Nap Duo \u00e4r som Nap Solo, men st\u00f6rre och mer social \u2013 utformad f\u00f6r tv\u00e5 personer som vill koppla av, skratta och njuta av solen.<br data-start=\"945\" data-end=\"948\" \/>Metalldelarna kan v\u00e4ljas fr\u00e5n hela RAL-f\u00e4rgkartan, s\u00e5 att ingen terrass eller tr\u00e4dg\u00e5rd beh\u00f6ver vara utan sin perfekta solstol. Tr\u00e4delarna \u00e4r tillverkade av \u00e5tervunnen plast som t\u00e5l regn, sol och till och med att n\u00e5gon sitter p\u00e5 den med en glass i handen.<\/p>\n<p data-start=\"1220\" data-end=\"1369\">Nap Duo bevisar att vila \u00e4r bra, men att g\u00f6ra det tillsammans \u00e4r dubbelt s\u00e5 bra. Om inte n\u00e5gon snarkar, f\u00f6rst\u00e5s \u2013 men det kan vi inte ta ansvar f\u00f6r.<\/p>\n<p data-start=\"536\" data-end=\"636\">15 \u00e5rs garanti.<\/p>","protected":false},"featured_media":3801,"template":"","meta":[],"product_brand":[31],"product_cat":[30],"product_tag":[],"class_list":{"0":"post-29126","1":"product","2":"type-product","3":"status-publish","4":"has-post-thumbnail","6":"product_brand-naamo","7":"product_cat-lamamistoolid","8":"pa_materjal-metallist-kandev-osa","9":"pa_materjal-taaskasutatud-plast-laudis","10":"pa_puidutoon-beige-harjatud","11":"pa_puidutoon-golden-oak-puidustruktuur","12":"pa_puidutoon-olive-harjatud","13":"pa_puidutoon-timber-effect-puidustruktuur","14":"pa_puidutoon-winter-white-puidustruktuur","16":"first","17":"instock","18":"sale","19":"taxable","20":"shipping-taxable","21":"purchasable","22":"product-type-variable"},"_links":{"self":[{"href":"https:\/\/naamo.ee\/sv\/wp-json\/wp\/v2\/product\/29126","targetHints":{"allow":["GET"]}}],"collection":[{"href":"https:\/\/naamo.ee\/sv\/wp-json\/wp\/v2\/product"}],"about":[{"href":"https:\/\/naamo.ee\/sv\/wp-json\/wp\/v2\/types\/product"}],"version-history":[{"count":3,"href":"https:\/\/naamo.ee\/sv\/wp-json\/wp\/v2\/product\/29126\/revisions"}],"predecessor-version":[{"id":29134,"href":"https:\/\/naamo.ee\/sv\/wp-json\/wp\/v2\/product\/29126\/revisions\/29134"}],"wp:featuredmedia":[{"embeddable":true,"href":"https:\/\/naamo.ee\/sv\/wp-json\/wp\/v2\/media\/3801"}],"wp:attachment":[{"href":"https:\/\/naamo.ee\/sv\/wp-json\/wp\/v2\/media?parent=29126"}],"wp:term":[{"taxonomy":"product_brand","embeddable":true,"href":"https:\/\/naamo.ee\/sv\/wp-json\/wp\/v2\/product_brand?post=29126"},{"taxonomy":"product_cat","embeddable":true,"href":"https:\/\/naamo.ee\/sv\/wp-json\/wp\/v2\/product_cat?post=29126"},{"taxonomy":"product_tag","embeddable":true,"href":"https:\/\/naamo.ee\/sv\/wp-json\/wp\/v2\/product_tag?post=29126"}],"curies":[{"name":"wp","href":"https:\/\/api.w.org\/{rel}","templated":true}]}}