{"id":29135,"date":"2025-11-17T18:18:09","date_gmt":"2025-11-17T18:18:09","guid":{"rendered":"https:\/\/naamo.ee\/?post_type=product&#038;p=29135"},"modified":"2026-02-06T12:21:39","modified_gmt":"2026-02-06T10:21:39","slug":"aiapink-naamo-chillbench-duo","status":"publish","type":"product","link":"https:\/\/naamo.ee\/sv\/produkt\/aiapink-naamo-chillbench-duo\/","title":{"rendered":"Tr\u00e4dg\u00e5rdsb\u00e4nk Naamo ChillBench Duo"},"content":{"rendered":"","protected":false},"excerpt":{"rendered":"<h2>S\u00e4tt dig ner. Andas. Och l\u00e5t b\u00e4nken g\u00f6ra allt arbete.<\/h2>\n<p data-start=\"213\" data-end=\"621\">Naamo ChillBench Duo \u00e4r en b\u00e4nk som ser ut som en designers dr\u00f6m och sitter som ett moln som studerat ingenj\u00f6rskonst. De massiva metallbenen ger b\u00e4nken samma sj\u00e4lvf\u00f6rtroende som vissa m\u00e4nniskor f\u00e5r efter sin andra kopp kaffe. Sitsen \u00e4r tillverkad av \u00e5tervunnen plast, som \u00e4r f\u00f6rv\u00e5nansv\u00e4rt bekv\u00e4m, h\u00e5llbar och aldrig klagar \u2013 inte ens n\u00e4r v\u00e4dret \u00e4r s\u00e5dant att alla andra redan klagar.<\/p>\n<p data-start=\"623\" data-end=\"775\">Det h\u00e4r \u00e4r en b\u00e4nk f\u00f6r dem som vill sitta ner en stund... och sedan lite l\u00e4ngre. Och lite l\u00e4ngre. Och till slut uppt\u00e4cker att de har suttit d\u00e4r i en halv dag.<\/p>\n<p data-start=\"777\" data-end=\"846\"><em data-start=\"777\" data-end=\"846\">Naamo ChillBench Duo \u2013 en b\u00e4nk som inte kr\u00e4ver mycket, men erbjuder mycket.<\/em><\/p>","protected":false},"featured_media":3811,"template":"","meta":[],"product_brand":[31],"product_cat":[29],"product_tag":[],"class_list":{"0":"post-29135","1":"product","2":"type-product","3":"status-publish","4":"has-post-thumbnail","6":"product_brand-naamo","7":"product_cat-pingid","8":"pa_materjal-metallist-kandev-osa","9":"pa_materjal-taaskasutatud-plast-laudis","10":"pa_puidutoon-beige-harjatud","11":"pa_puidutoon-golden-oak-puidustruktuur","12":"pa_puidutoon-olive-harjatud","13":"pa_puidutoon-timber-effect-puidustruktuur","14":"pa_puidutoon-winter-white-puidustruktuur","16":"first","17":"instock","18":"sale","19":"taxable","20":"shipping-taxable","21":"purchasable","22":"product-type-variable"},"_links":{"self":[{"href":"https:\/\/naamo.ee\/sv\/wp-json\/wp\/v2\/product\/29135","targetHints":{"allow":["GET"]}}],"collection":[{"href":"https:\/\/naamo.ee\/sv\/wp-json\/wp\/v2\/product"}],"about":[{"href":"https:\/\/naamo.ee\/sv\/wp-json\/wp\/v2\/types\/product"}],"version-history":[{"count":2,"href":"https:\/\/naamo.ee\/sv\/wp-json\/wp\/v2\/product\/29135\/revisions"}],"predecessor-version":[{"id":29439,"href":"https:\/\/naamo.ee\/sv\/wp-json\/wp\/v2\/product\/29135\/revisions\/29439"}],"wp:featuredmedia":[{"embeddable":true,"href":"https:\/\/naamo.ee\/sv\/wp-json\/wp\/v2\/media\/3811"}],"wp:attachment":[{"href":"https:\/\/naamo.ee\/sv\/wp-json\/wp\/v2\/media?parent=29135"}],"wp:term":[{"taxonomy":"product_brand","embeddable":true,"href":"https:\/\/naamo.ee\/sv\/wp-json\/wp\/v2\/product_brand?post=29135"},{"taxonomy":"product_cat","embeddable":true,"href":"https:\/\/naamo.ee\/sv\/wp-json\/wp\/v2\/product_cat?post=29135"},{"taxonomy":"product_tag","embeddable":true,"href":"https:\/\/naamo.ee\/sv\/wp-json\/wp\/v2\/product_tag?post=29135"}],"curies":[{"name":"wp","href":"https:\/\/api.w.org\/{rel}","templated":true}]}}