{"id":29154,"date":"2025-11-17T18:29:58","date_gmt":"2025-11-17T18:29:58","guid":{"rendered":"https:\/\/naamo.ee\/?post_type=product&#038;p=29154"},"modified":"2026-02-06T12:20:55","modified_gmt":"2026-02-06T10:20:55","slug":"aiapink-naamo-chillbench-grande","status":"publish","type":"product","link":"https:\/\/naamo.ee\/sv\/produkt\/aiapink-naamo-chillbench-grande\/","title":{"rendered":"Tr\u00e4dg\u00e5rdsb\u00e4nk Naamo ChillBench Grande"},"content":{"rendered":"","protected":false},"excerpt":{"rendered":"<h2>Mer utrymme. Mer komfort. Mer \u201eJag l\u00e4mnar inte det h\u00e4r st\u00e4llet f\u00f6rr\u00e4n imorgon.\u201c<\/h2>\n<p data-start=\"284\" data-end=\"630\">Naamo ChillBench Grande \u00e4r en b\u00e4nk som ger helt ny mening \u00e5t begreppet \u201cbredare s\u00e4llskap\u201d. Med mer sittutrymme och en bekv\u00e4mare form \u00e4r den som en loungesoffa som har flyttat utomhus. Metallbenen st\u00e5r stadigt och v\u00e4rdigt som berg, och sitsen av \u00e5tervunnen plast \u00e4r s\u00e5 t\u00e5lig att inte ens v\u00e4dret v\u00e5gar utmana den.<\/p>\n<p data-start=\"632\" data-end=\"817\">Denna b\u00e4nk \u00e4r designad f\u00f6r dem som vill str\u00e4cka ut sig, ta plats och helt enkelt... vara. Oavsett om det \u00e4r tv\u00e5, tre eller ensam med sina tankar (som ibland \u00e4r fler \u00e4n m\u00e4nniskor).<\/p>\n<p data-start=\"819\" data-end=\"894\"><em data-start=\"819\" data-end=\"894\">ChillBench Grande \u2013 varf\u00f6r sitta tr\u00e5ngt n\u00e4r du kan str\u00e4cka ut dig bekv\u00e4mt?<\/em><\/p>","protected":false},"featured_media":3819,"template":"","meta":[],"product_brand":[31],"product_cat":[29],"product_tag":[],"class_list":{"0":"post-29154","1":"product","2":"type-product","3":"status-publish","4":"has-post-thumbnail","6":"product_brand-naamo","7":"product_cat-pingid","8":"pa_materjal-metallist-kandev-osa","9":"pa_materjal-taaskasutatud-plast-laudis","10":"pa_puidutoon-beige-harjatud","11":"pa_puidutoon-golden-oak-puidustruktuur","12":"pa_puidutoon-olive-harjatud","13":"pa_puidutoon-timber-effect-puidustruktuur","14":"pa_puidutoon-winter-white-puidustruktuur","16":"first","17":"instock","18":"sale","19":"taxable","20":"shipping-taxable","21":"purchasable","22":"product-type-variable"},"_links":{"self":[{"href":"https:\/\/naamo.ee\/sv\/wp-json\/wp\/v2\/product\/29154","targetHints":{"allow":["GET"]}}],"collection":[{"href":"https:\/\/naamo.ee\/sv\/wp-json\/wp\/v2\/product"}],"about":[{"href":"https:\/\/naamo.ee\/sv\/wp-json\/wp\/v2\/types\/product"}],"version-history":[{"count":1,"href":"https:\/\/naamo.ee\/sv\/wp-json\/wp\/v2\/product\/29154\/revisions"}],"predecessor-version":[{"id":29160,"href":"https:\/\/naamo.ee\/sv\/wp-json\/wp\/v2\/product\/29154\/revisions\/29160"}],"wp:featuredmedia":[{"embeddable":true,"href":"https:\/\/naamo.ee\/sv\/wp-json\/wp\/v2\/media\/3819"}],"wp:attachment":[{"href":"https:\/\/naamo.ee\/sv\/wp-json\/wp\/v2\/media?parent=29154"}],"wp:term":[{"taxonomy":"product_brand","embeddable":true,"href":"https:\/\/naamo.ee\/sv\/wp-json\/wp\/v2\/product_brand?post=29154"},{"taxonomy":"product_cat","embeddable":true,"href":"https:\/\/naamo.ee\/sv\/wp-json\/wp\/v2\/product_cat?post=29154"},{"taxonomy":"product_tag","embeddable":true,"href":"https:\/\/naamo.ee\/sv\/wp-json\/wp\/v2\/product_tag?post=29154"}],"curies":[{"name":"wp","href":"https:\/\/api.w.org\/{rel}","templated":true}]}}