{"id":29161,"date":"2025-11-17T18:35:52","date_gmt":"2025-11-17T18:35:52","guid":{"rendered":"https:\/\/naamo.ee\/?post_type=product&#038;p=29161"},"modified":"2026-02-06T12:20:18","modified_gmt":"2026-02-06T10:20:18","slug":"aialaud-naamo-snacktable-slim","status":"publish","type":"product","link":"https:\/\/naamo.ee\/sv\/produkt\/aialaud-naamo-snacktable-slim\/","title":{"rendered":"Tr\u00e4dg\u00e5rdsb\u00e4nk Naamo SnackTable Slim"},"content":{"rendered":"","protected":false},"excerpt":{"rendered":"<h2>Liten men farlig... s\u00e4rskilt farligt bekv\u00e4m.<\/h2>\n<p data-start=\"310\" data-end=\"805\">Naamo SnackTable Slim \u00e4r ett bord som bevisar att storlek inte \u00e4r allt. Denna kompakta m\u00f6bel rymmer en kaffekopp, en bok, en telefon, en halv vattenmelon och alla de d\u00e4r sakerna som du \u201el\u00e4gger h\u00e4r f\u00f6r tillf\u00e4llet\u201c.<br data-start=\"514\" data-end=\"517\" \/>Metalldelarna f\u00f6rblir raka och stabila, och tr\u00e4panelerna (tillverkade av \u00e5tervunnen plast, men det syns inte p\u00e5 utseendet!) ser riktigt lyxiga ut. Perfekt f\u00f6r terrassen, balkongen, framf\u00f6r bastun eller n\u00e5gon annanstans d\u00e4r du egentligen inte hade t\u00e4nkt placera n\u00e5gra andra m\u00f6bler \u2013 tills du s\u00e5g det h\u00e4r bordet.<\/p>\n<p data-start=\"807\" data-end=\"885\"><em data-start=\"807\" data-end=\"885\">SnackTable Slim \u2013 f\u00f6r ibland \u00e4r det de sm\u00e5 sakerna som g\u00f6r din dag.<\/em><\/p>","protected":false},"featured_media":3803,"template":"","meta":[],"product_brand":[31],"product_cat":[27],"product_tag":[],"class_list":{"0":"post-29161","1":"product","2":"type-product","3":"status-publish","4":"has-post-thumbnail","6":"product_brand-naamo","7":"product_cat-lauad","8":"pa_materjal-metallist-kandev-osa","9":"pa_materjal-taaskasutatud-plast-laudis","10":"pa_puidutoon-beige-harjatud","11":"pa_puidutoon-golden-oak-puidustruktuur","12":"pa_puidutoon-olive-harjatud","13":"pa_puidutoon-timber-effect-puidustruktuur","14":"pa_puidutoon-winter-white-puidustruktuur","16":"first","17":"instock","18":"sale","19":"taxable","20":"shipping-taxable","21":"purchasable","22":"product-type-variable"},"_links":{"self":[{"href":"https:\/\/naamo.ee\/sv\/wp-json\/wp\/v2\/product\/29161","targetHints":{"allow":["GET"]}}],"collection":[{"href":"https:\/\/naamo.ee\/sv\/wp-json\/wp\/v2\/product"}],"about":[{"href":"https:\/\/naamo.ee\/sv\/wp-json\/wp\/v2\/types\/product"}],"version-history":[{"count":1,"href":"https:\/\/naamo.ee\/sv\/wp-json\/wp\/v2\/product\/29161\/revisions"}],"predecessor-version":[{"id":29167,"href":"https:\/\/naamo.ee\/sv\/wp-json\/wp\/v2\/product\/29161\/revisions\/29167"}],"wp:featuredmedia":[{"embeddable":true,"href":"https:\/\/naamo.ee\/sv\/wp-json\/wp\/v2\/media\/3803"}],"wp:attachment":[{"href":"https:\/\/naamo.ee\/sv\/wp-json\/wp\/v2\/media?parent=29161"}],"wp:term":[{"taxonomy":"product_brand","embeddable":true,"href":"https:\/\/naamo.ee\/sv\/wp-json\/wp\/v2\/product_brand?post=29161"},{"taxonomy":"product_cat","embeddable":true,"href":"https:\/\/naamo.ee\/sv\/wp-json\/wp\/v2\/product_cat?post=29161"},{"taxonomy":"product_tag","embeddable":true,"href":"https:\/\/naamo.ee\/sv\/wp-json\/wp\/v2\/product_tag?post=29161"}],"curies":[{"name":"wp","href":"https:\/\/api.w.org\/{rel}","templated":true}]}}