{"id":29168,"date":"2025-11-17T18:38:22","date_gmt":"2025-11-17T18:38:22","guid":{"rendered":"https:\/\/naamo.ee\/?post_type=product&#038;p=29168"},"modified":"2026-02-06T12:19:42","modified_gmt":"2026-02-06T10:19:42","slug":"aialaud-naamo-snacktable-wide","status":"publish","type":"product","link":"https:\/\/naamo.ee\/sv\/produkt\/aialaud-naamo-snacktable-wide\/","title":{"rendered":"Tr\u00e4dg\u00e5rdsb\u00e4nk Naamo SnackTable Wide"},"content":{"rendered":"","protected":false},"excerpt":{"rendered":"<h2>Mer utrymme, f\u00e4rre urs\u00e4kter f\u00f6r att inte sm\u00e5\u00e4ta.<\/h2>\n<p data-start=\"1041\" data-end=\"1462\">Naamo SnackTable Wide \u00e4r den st\u00f6rre, mer sj\u00e4lvs\u00e4kra brorsan till SnackTable Slimi. Mer rymlig, h\u00f6gre och redo att b\u00e4ra allt \u2013 fr\u00e5n ljus och cocktails till fullstora pizzatallrikar och din v\u00e4ns hund (om den \u00e4r lugn).<br data-start=\"1263\" data-end=\"1266\" \/>Metallkonstruktionen har betongens v\u00e4rdighet, medan den eleganta panelytan av \u00e5tervunnen plast tillf\u00f6r modern minimalism som passar p\u00e5 terrasser, i tr\u00e4dg\u00e5rdar och offentliga utrymmen.<\/p>\n<p data-start=\"1464\" data-end=\"1548\"><em data-start=\"1464\" data-end=\"1548\">SnackTable Wide \u2013 f\u00f6r ibland beh\u00f6ver du ett bord som rymmer b\u00e5de dina snacks och ditt liv.<\/em><\/p>\n<p data-start=\"1464\" data-end=\"1548\">Bordsskivan p\u00e5 bilden \u00e4r WINTER WHITE och sidorna \u00e4r RAL 9005.<\/p>","protected":false},"featured_media":3810,"template":"","meta":[],"product_brand":[31],"product_cat":[27],"product_tag":[],"class_list":{"0":"post-29168","1":"product","2":"type-product","3":"status-publish","4":"has-post-thumbnail","6":"product_brand-naamo","7":"product_cat-lauad","8":"pa_materjal-metallist-kandev-osa","9":"pa_materjal-taaskasutatud-plast-laudis","10":"pa_puidutoon-beige-harjatud","11":"pa_puidutoon-golden-oak-puidustruktuur","12":"pa_puidutoon-olive-harjatud","13":"pa_puidutoon-timber-effect-puidustruktuur","14":"pa_puidutoon-winter-white-puidustruktuur","16":"first","17":"instock","18":"sale","19":"taxable","20":"shipping-taxable","21":"purchasable","22":"product-type-variable"},"_links":{"self":[{"href":"https:\/\/naamo.ee\/sv\/wp-json\/wp\/v2\/product\/29168","targetHints":{"allow":["GET"]}}],"collection":[{"href":"https:\/\/naamo.ee\/sv\/wp-json\/wp\/v2\/product"}],"about":[{"href":"https:\/\/naamo.ee\/sv\/wp-json\/wp\/v2\/types\/product"}],"version-history":[{"count":2,"href":"https:\/\/naamo.ee\/sv\/wp-json\/wp\/v2\/product\/29168\/revisions"}],"predecessor-version":[{"id":29175,"href":"https:\/\/naamo.ee\/sv\/wp-json\/wp\/v2\/product\/29168\/revisions\/29175"}],"wp:featuredmedia":[{"embeddable":true,"href":"https:\/\/naamo.ee\/sv\/wp-json\/wp\/v2\/media\/3810"}],"wp:attachment":[{"href":"https:\/\/naamo.ee\/sv\/wp-json\/wp\/v2\/media?parent=29168"}],"wp:term":[{"taxonomy":"product_brand","embeddable":true,"href":"https:\/\/naamo.ee\/sv\/wp-json\/wp\/v2\/product_brand?post=29168"},{"taxonomy":"product_cat","embeddable":true,"href":"https:\/\/naamo.ee\/sv\/wp-json\/wp\/v2\/product_cat?post=29168"},{"taxonomy":"product_tag","embeddable":true,"href":"https:\/\/naamo.ee\/sv\/wp-json\/wp\/v2\/product_tag?post=29168"}],"curies":[{"name":"wp","href":"https:\/\/api.w.org\/{rel}","templated":true}]}}