{"id":3641,"date":"2025-10-19T18:24:27","date_gmt":"2025-10-19T18:24:27","guid":{"rendered":"https:\/\/naamo.niine.ee\/?post_type=product&#038;p=3641"},"modified":"2026-02-06T12:22:40","modified_gmt":"2026-02-06T10:22:40","slug":"lamamistool-naamo-nap-solo","status":"publish","type":"product","link":"https:\/\/naamo.ee\/sv\/produkt\/lamamistool-naamo-nap-solo\/","title":{"rendered":"F\u00e5t\u00f6lj Naamo Nap Solo"},"content":{"rendered":"","protected":false},"excerpt":{"rendered":"<h2 style=\"text-align: center;\">Ta en paus. V\u00e4rlden kan v\u00e4nta.<\/h2>\n<p>Naamo Nap Solo \u00e4r en bekv\u00e4m och h\u00e5llbar enkelsitsig loungestol som \u00e4r utformad f\u00f6r kvalitetstid utomhus, p\u00e5 uteplatsen eller i tr\u00e4dg\u00e5rden. Metallramen finns i en komplett RAL-f\u00e4rgskala f\u00f6r att matcha stilen i ditt hem eller p\u00e5 ditt f\u00f6retag. Tr\u00e4delen \u00e4r tillverkad av \u00e5tervunnen plast som \u00e4r h\u00e5llbar, underh\u00e5llsfri och finns i en m\u00e4ngd olika f\u00e4rger.<br data-start=\"548\" data-end=\"551\" \/>Naamo Nap Solo \u00e4r det perfekta valet f\u00f6r dem som v\u00e4rdes\u00e4tter komfort, h\u00e5llbarhet och personlig design - ta en stund f\u00f6r dig sj\u00e4lv, f\u00f6r v\u00e4rlden kan v\u00e4nta.<\/p>\n<p>15 \u00e5rs garanti.<\/p>","protected":false},"featured_media":3823,"template":"","meta":[],"product_brand":[31],"product_cat":[30],"product_tag":[],"class_list":{"0":"post-3641","1":"product","2":"type-product","3":"status-publish","4":"has-post-thumbnail","6":"product_brand-naamo","7":"product_cat-lamamistoolid","8":"pa_materjal-metallist-kandev-osa","9":"pa_materjal-taaskasutatud-plast-laudis","10":"pa_puidutoon-beige-harjatud","11":"pa_puidutoon-golden-oak-puidustruktuur","12":"pa_puidutoon-olive-harjatud","13":"pa_puidutoon-timber-effect-puidustruktuur","14":"pa_puidutoon-winter-white-puidustruktuur","16":"first","17":"instock","18":"sale","19":"taxable","20":"shipping-taxable","21":"purchasable","22":"product-type-variable"},"_links":{"self":[{"href":"https:\/\/naamo.ee\/sv\/wp-json\/wp\/v2\/product\/3641","targetHints":{"allow":["GET"]}}],"collection":[{"href":"https:\/\/naamo.ee\/sv\/wp-json\/wp\/v2\/product"}],"about":[{"href":"https:\/\/naamo.ee\/sv\/wp-json\/wp\/v2\/types\/product"}],"version-history":[{"count":5,"href":"https:\/\/naamo.ee\/sv\/wp-json\/wp\/v2\/product\/3641\/revisions"}],"predecessor-version":[{"id":3744,"href":"https:\/\/naamo.ee\/sv\/wp-json\/wp\/v2\/product\/3641\/revisions\/3744"}],"wp:featuredmedia":[{"embeddable":true,"href":"https:\/\/naamo.ee\/sv\/wp-json\/wp\/v2\/media\/3823"}],"wp:attachment":[{"href":"https:\/\/naamo.ee\/sv\/wp-json\/wp\/v2\/media?parent=3641"}],"wp:term":[{"taxonomy":"product_brand","embeddable":true,"href":"https:\/\/naamo.ee\/sv\/wp-json\/wp\/v2\/product_brand?post=3641"},{"taxonomy":"product_cat","embeddable":true,"href":"https:\/\/naamo.ee\/sv\/wp-json\/wp\/v2\/product_cat?post=3641"},{"taxonomy":"product_tag","embeddable":true,"href":"https:\/\/naamo.ee\/sv\/wp-json\/wp\/v2\/product_tag?post=3641"}],"curies":[{"name":"wp","href":"https:\/\/api.w.org\/{rel}","templated":true}]}}